{"id":5800,"date":"2024-04-05T08:24:34","date_gmt":"2024-04-05T08:24:34","guid":{"rendered":"https:\/\/themepanthers.com\/wp\/risehand\/el\/?page_id=5800"},"modified":"2024-04-12T13:49:34","modified_gmt":"2024-04-12T13:49:34","slug":"events-grid","status":"publish","type":"page","link":"https:\/\/ror-rks.net\/sq\/events-grid\/","title":{"rendered":"Events Grid"},"content":{"rendered":"<div data-elementor-type=\"wp-page\" data-elementor-id=\"5800\" class=\"elementor elementor-5800\" data-elementor-post-type=\"page\">\n\t\t\t\t\t\t<section class=\"elementor-section elementor-top-section elementor-element elementor-element-b442b87 elementor-section-boxed elementor-section-height-default elementor-section-height-default\" data-id=\"b442b87\" data-element_type=\"section\" data-e-type=\"section\">\n\t\t\t\t\t\t<div class=\"elementor-container elementor-column-gap-default\">\n\t\t\t\t\t<div class=\"elementor-column elementor-col-100 elementor-top-column elementor-element elementor-element-e029b09\" data-id=\"e029b09\" data-element_type=\"column\" data-e-type=\"column\">\n\t\t\t<div class=\"elementor-widget-wrap elementor-element-populated\">\n\t\t\t\t\t\t<div class=\"elementor-element elementor-element-3e02dd8 elementor-widget elementor-widget-risehand-events-post-v1\" data-id=\"3e02dd8\" data-element_type=\"widget\" data-e-type=\"widget\" data-widget_type=\"risehand-events-post-v1.default\">\n\t\t\t\t<div class=\"elementor-widget-container\">\n\t\t\t\t\t<section class=\"blog_post_section\">\n    <div class=\"row blog_container clearfix\">\n                                        <div class=\"col-xl-4 col-lg-4 col-md-6 col-sm-6 blog-wrapper\">\n                        <div class=\"blog-style_3 mb_40 has_images\">\n                            <div class=\"image-box img_obj_fit_center\">\n                                <a href=\"https:\/\/ror-rks.net\/sq\/event\/international-children-day\/\" class=\"img_link\">\n                                    <img fetchpriority=\"high\" decoding=\"async\" width=\"1780\" height=\"836\" src=\"https:\/\/ror-rks.net\/wp-content\/uploads\/2024\/04\/BG-Ror-1.png\" class=\"attachment-risehand-image-570-570 trans size-risehand-image-570-570 trans wp-post-image\" alt=\"\"   \/>                                                                            <div class=\"cat_gry\">The central office of the ROR<\/div>\n                                                                    <\/a>\n                                <div class=\"content_box_outer\">\n                                    <div class=\"content_box\">\n                                                                                    <div class=\"d-flex\">\n                                                <small class=\"date_tm\"><time class=\"font_special\"><i class=\"risehand-calendar-check\"><\/i>Qershor 1, 2024<\/time><\/small>\n                                                <small class=\"date_tm\"><time class=\"font_special\"><i class=\"risehand-clock\"><\/i>9:00 am<\/time><\/small>\n                                            <\/div>\n                                                                                <div class=\"title_26 mb_15\">\n                                            <a href=\"https:\/\/ror-rks.net\/sq\/event\/international-children-day\/\" class=\"trim-3\">\n                                                Dita Nd\u00ebrkomb\u00ebtare e F\u00ebmij\u00ebve                                            <\/a>\n                                        <\/div>\n                                                                            <\/div>\n                                <\/div>\n                            <\/div>\n                        <\/div>\n                    <\/div>\n                                                <div class=\"col-xl-4 col-lg-4 col-md-6 col-sm-6 blog-wrapper\">\n                        <div class=\"blog-style_3 mb_40 has_images\">\n                            <div class=\"image-box img_obj_fit_center\">\n                                <a href=\"https:\/\/ror-rks.net\/sq\/event\/protesta-per-1-maj\/\" class=\"img_link\">\n                                    <img decoding=\"async\" width=\"500\" height=\"400\" src=\"https:\/\/ror-rks.net\/wp-content\/uploads\/2024\/04\/aaa.jpg\" class=\"attachment-risehand-image-570-570 trans size-risehand-image-570-570 trans wp-post-image\" alt=\"\"   \/>                                                                            <div class=\"cat_gry\">M567+Q27, Bulevardi N\u00ebn\u00eb Tereza, Prishtina 10000<\/div>\n                                                                    <\/a>\n                                <div class=\"content_box_outer\">\n                                    <div class=\"content_box\">\n                                                                                    <div class=\"d-flex\">\n                                                <small class=\"date_tm\"><time class=\"font_special\"><i class=\"risehand-calendar-check\"><\/i>Maj 1, 2024<\/time><\/small>\n                                                <small class=\"date_tm\"><time class=\"font_special\"><i class=\"risehand-clock\"><\/i>8:00 am<\/time><\/small>\n                                            <\/div>\n                                                                                <div class=\"title_26 mb_15\">\n                                            <a href=\"https:\/\/ror-rks.net\/sq\/event\/protesta-per-1-maj\/\" class=\"trim-3\">\n                                                Protesta per 1 Maj                                            <\/a>\n                                        <\/div>\n                                                                            <\/div>\n                                <\/div>\n                            <\/div>\n                        <\/div>\n                    <\/div>\n                                                <div class=\"col-xl-4 col-lg-4 col-md-6 col-sm-6 blog-wrapper\">\n                        <div class=\"blog-style_3 mb_40 has_images\">\n                            <div class=\"image-box img_obj_fit_center\">\n                                <a href=\"https:\/\/ror-rks.net\/sq\/event\/celebrating-childrens-day\/\" class=\"img_link\">\n                                    <img decoding=\"async\" width=\"1440\" height=\"962\" src=\"https:\/\/ror-rks.net\/wp-content\/uploads\/2024\/04\/ROR-grupi2.jpg\" class=\"attachment-risehand-image-570-570 trans size-risehand-image-570-570 trans wp-post-image\" alt=\"\"   \/>                                                                            <div class=\"cat_gry\">Online<\/div>\n                                                                    <\/a>\n                                <div class=\"content_box_outer\">\n                                    <div class=\"content_box\">\n                                                                                    <div class=\"d-flex\">\n                                                <small class=\"date_tm\"><time class=\"font_special\"><i class=\"risehand-calendar-check\"><\/i>Prill 26, 2024<\/time><\/small>\n                                                <small class=\"date_tm\"><time class=\"font_special\"><i class=\"risehand-clock\"><\/i>11:00 am<\/time><\/small>\n                                            <\/div>\n                                                                                <div class=\"title_26 mb_15\">\n                                            <a href=\"https:\/\/ror-rks.net\/sq\/event\/celebrating-childrens-day\/\" class=\"trim-3\">\n                                                Takim i grupit punues per Dizajnimin e Web Faqes                                            <\/a>\n                                        <\/div>\n                                                                                    <p class=\"des_cription\">Mbledhja e grupit t\u00eb pun\u00ebs<\/p>\n                                                                            <\/div>\n                                <\/div>\n                            <\/div>\n                        <\/div>\n                    <\/div>\n                                                <div class=\"col-xl-4 col-lg-4 col-md-6 col-sm-6 blog-wrapper\">\n                        <div class=\"blog-style_3 mb_40 has_images\">\n                            <div class=\"image-box img_obj_fit_center\">\n                                <a href=\"https:\/\/ror-rks.net\/sq\/event\/the-third-general-meeting-of-ror\/\" class=\"img_link\">\n                                    <img loading=\"lazy\" decoding=\"async\" width=\"1440\" height=\"960\" src=\"https:\/\/ror-rks.net\/wp-content\/uploads\/2024\/04\/test111.jpg\" class=\"attachment-risehand-image-570-570 trans size-risehand-image-570-570 trans wp-post-image\" alt=\"\"   \/>                                                                            <div class=\"cat_gry\">The central office of the ROR<\/div>\n                                                                    <\/a>\n                                <div class=\"content_box_outer\">\n                                    <div class=\"content_box\">\n                                                                                    <div class=\"d-flex\">\n                                                <small class=\"date_tm\"><time class=\"font_special\"><i class=\"risehand-calendar-check\"><\/i>Dhjetor 16, 2023<\/time><\/small>\n                                                <small class=\"date_tm\"><time class=\"font_special\"><i class=\"risehand-clock\"><\/i>8:00 am<\/time><\/small>\n                                            <\/div>\n                                                                                <div class=\"title_26 mb_15\">\n                                            <a href=\"https:\/\/ror-rks.net\/sq\/event\/the-third-general-meeting-of-ror\/\" class=\"trim-3\">\n                                                Mbledhja e tret\u00eb e p\u00ebrgjithshme e ROR                                            <\/a>\n                                        <\/div>\n                                                                                    <p class=\"des_cription\">On 16.12. 2023, the third general meeting of ROR was&hellip;<\/p>\n                                                                            <\/div>\n                                <\/div>\n                            <\/div>\n                        <\/div>\n                    <\/div>\n                                        <\/div>\n<\/section>\n\n\t\t\t\t<\/div>\n\t\t\t\t<\/div>\n\t\t\t\t\t<\/div>\n\t\t<\/div>\n\t\t\t\t\t<\/div>\n\t\t<\/section>\n\t\t\t\t<\/div>","protected":false},"excerpt":{"rendered":"<p>Vineyard Venues April 3, 2024 08:00 AM Unity in Giving Community Charity Event Join us as we rally our community to support those&hellip; Madison Square Garden January 1, 2025 08:00 [&hellip;]<\/p>\n","protected":false},"author":1,"featured_media":0,"parent":0,"menu_order":0,"comment_status":"closed","ping_status":"closed","template":"template-fullwidth.php","meta":{"give_campaign_id":0,"_themeisle_gutenberg_block_has_review":false,"footnotes":""},"class_list":["post-5800","page","type-page","status-publish","hentry"],"campaignId":"","_links":{"self":[{"href":"https:\/\/ror-rks.net\/sq\/wp-json\/wp\/v2\/pages\/5800","targetHints":{"allow":["GET"]}}],"collection":[{"href":"https:\/\/ror-rks.net\/sq\/wp-json\/wp\/v2\/pages"}],"about":[{"href":"https:\/\/ror-rks.net\/sq\/wp-json\/wp\/v2\/types\/page"}],"author":[{"embeddable":true,"href":"https:\/\/ror-rks.net\/sq\/wp-json\/wp\/v2\/users\/1"}],"replies":[{"embeddable":true,"href":"https:\/\/ror-rks.net\/sq\/wp-json\/wp\/v2\/comments?post=5800"}],"version-history":[{"count":1,"href":"https:\/\/ror-rks.net\/sq\/wp-json\/wp\/v2\/pages\/5800\/revisions"}],"predecessor-version":[{"id":5908,"href":"https:\/\/ror-rks.net\/sq\/wp-json\/wp\/v2\/pages\/5800\/revisions\/5908"}],"wp:attachment":[{"href":"https:\/\/ror-rks.net\/sq\/wp-json\/wp\/v2\/media?parent=5800"}],"curies":[{"name":"wp","href":"https:\/\/api.w.org\/{rel}","templated":true}]}}