{"id":3092,"date":"2024-01-19T07:23:44","date_gmt":"2024-01-19T07:23:44","guid":{"rendered":"https:\/\/themepanthers.com\/wp\/risehand\/el\/?page_id=3092"},"modified":"2024-05-06T08:51:23","modified_gmt":"2024-05-06T08:51:23","slug":"blogs","status":"publish","type":"page","link":"https:\/\/ror-rks.net\/sq\/blogs\/","title":{"rendered":"Blogs"},"content":{"rendered":"<div data-elementor-type=\"wp-page\" data-elementor-id=\"3092\" class=\"elementor elementor-3092\" data-elementor-post-type=\"page\">\n\t\t\t\t\t\t<section class=\"elementor-section elementor-top-section elementor-element elementor-element-a7f3b15 elementor-section-full_width elementor-section-height-default elementor-section-height-default\" data-id=\"a7f3b15\" data-element_type=\"section\" data-e-type=\"section\">\n\t\t\t\t\t\t<div class=\"elementor-container elementor-column-gap-no\">\n\t\t\t\t\t<div class=\"elementor-column elementor-col-100 elementor-top-column elementor-element elementor-element-37c0379\" data-id=\"37c0379\" data-element_type=\"column\" data-e-type=\"column\">\n\t\t\t<div class=\"elementor-widget-wrap elementor-element-populated\">\n\t\t\t\t\t\t<div class=\"elementor-element elementor-element-3f00c55 elementor-widget elementor-widget-risehand-blog-post-v1\" data-id=\"3f00c55\" data-element_type=\"widget\" data-e-type=\"widget\" data-widget_type=\"risehand-blog-post-v1.default\">\n\t\t\t\t<div class=\"elementor-widget-container\">\n\t\t\t\t\t<section class=\"blog_post_section\"> <div class=\"row  blog_container clearfix\">      <div class=\"col-xl-12 blog-wrapper\">    <div class=\"blog-style_2 mb_40 has_images d_flex align-items-center\">  <div class=\"image-box img_obj_fit_center\"> <a href=\"https:\/\/ror-rks.net\/sq\/blog\/its-the-day-i-felt-powerful-with-my-voice\/\" class=\"img_link\"> <img fetchpriority=\"high\" decoding=\"async\" width=\"1200\" height=\"628\" src=\"https:\/\/ror-rks.net\/wp-content\/uploads\/2021\/09\/ROR_Lajme-1.png\" class=\"attachment-risehand-image-370-270 trans size-risehand-image-370-270 trans wp-post-image\" alt=\"\"   \/> <\/a>  <a href=\"https:\/\/ror-rks.net\/sq\/category\/blog\/\" class=\"cat_gry\">Blog<\/a>  <\/div>  <div class=\"content_box trans\">  <div class=\"d-flex\">  <span class=\"date_tm\"><time class=\"date published font_special\" datetime=\"2021-09-02T08:45:11+00:00\"><i class=\"risehand-calendar5 mr-5\"><\/i>2 Shtator, 2021<\/time><\/span>   <\/div>  <div class=\"title_22 mb_15\"><a href=\"https:\/\/ror-rks.net\/sq\/blog\/its-the-day-i-felt-powerful-with-my-voice\/\" class=\"trim-3\">\u00cbsht\u00eb dita q\u00eb u ndjeva e fuqishme me z\u00ebrin tim!<\/a><\/div>  <p class=\"mb_20 des_cription\">M\u00ebsoni rreth projekteve dhe nismave tona t\u00eb fundit q\u00eb synojn\u00eb t\u00eb b\u00ebjn\u00eb nj\u00eb pozitiv<\/p>  <div> <a class=\"text_btn\" href=\"https:\/\/ror-rks.net\/sq\/blog\/its-the-day-i-felt-powerful-with-my-voice\/\"> <small>Read more<\/small> <\/a> <\/div> <\/div> <\/div>\n     <\/div>       <div class=\"col-xl-12 blog-wrapper\">    <div class=\"blog-style_2 mb_40 has_images d_flex align-items-center\">  <div class=\"image-box img_obj_fit_center\"> <a href=\"https:\/\/ror-rks.net\/sq\/blog\/beyond-magic-disney-princesses-and-their-influence-on-gender-narratives\/\" class=\"img_link\"> <img fetchpriority=\"high\" decoding=\"async\" width=\"1200\" height=\"628\" src=\"https:\/\/ror-rks.net\/wp-content\/uploads\/2021\/09\/ROR_Lajme-1.png\" class=\"attachment-risehand-image-370-270 trans size-risehand-image-370-270 trans wp-post-image\" alt=\"\"   \/> <\/a>  <a href=\"https:\/\/ror-rks.net\/sq\/category\/blog\/\" class=\"cat_gry\">Blog<\/a>  <\/div>  <div class=\"content_box trans\">  <div class=\"d-flex\">  <span class=\"date_tm\"><time class=\"date published font_special\" datetime=\"2021-07-07T08:57:43+00:00\"><i class=\"risehand-calendar5 mr-5\"><\/i>7 Korrik, 2021<\/time><\/span>   <\/div>  <div class=\"title_22 mb_15\"><a href=\"https:\/\/ror-rks.net\/sq\/blog\/beyond-magic-disney-princesses-and-their-influence-on-gender-narratives\/\" class=\"trim-3\">P\u00ebrtej t\u00eb magjishmes, princeshat Disney dhe ndikimi i tyre n\u00eb narrativat gjinore<\/a><\/div>  <p class=\"mb_20 des_cription\">M\u00ebsoni rreth projekteve dhe nismave tona t\u00eb fundit q\u00eb synojn\u00eb t\u00eb b\u00ebjn\u00eb nj\u00eb pozitiv<\/p>  <div> <a class=\"text_btn\" href=\"https:\/\/ror-rks.net\/sq\/blog\/beyond-magic-disney-princesses-and-their-influence-on-gender-narratives\/\"> <small>Read more<\/small> <\/a> <\/div> <\/div> <\/div>\n     <\/div>       <div class=\"col-xl-12 blog-wrapper\">    <div class=\"blog-style_2 mb_40 has_images d_flex align-items-center\">  <div class=\"image-box img_obj_fit_center\"> <a href=\"https:\/\/ror-rks.net\/sq\/blog\/synonyms-use-of-free-time-passion-and-ror-from-fleta-mujaj\/\" class=\"img_link\"> <img fetchpriority=\"high\" decoding=\"async\" width=\"1200\" height=\"628\" src=\"https:\/\/ror-rks.net\/wp-content\/uploads\/2021\/09\/ROR_Lajme-1.png\" class=\"attachment-risehand-image-370-270 trans size-risehand-image-370-270 trans wp-post-image\" alt=\"\"   \/> <\/a>  <a href=\"https:\/\/ror-rks.net\/sq\/category\/blog\/\" class=\"cat_gry\">Blog<\/a>  <\/div>  <div class=\"content_box trans\">  <div class=\"d-flex\">  <span class=\"date_tm\"><time class=\"date published font_special\" datetime=\"2021-01-18T11:00:56+00:00\"><i class=\"risehand-calendar5 mr-5\"><\/i>18 Janar, 2021<\/time><\/span>   <\/div>  <div class=\"title_22 mb_15\"><a href=\"https:\/\/ror-rks.net\/sq\/blog\/synonyms-use-of-free-time-passion-and-ror-from-fleta-mujaj\/\" class=\"trim-3\">Sinonimet - Shfryt\u00ebzimi i koh\u00ebs s\u00eb lir\u00eb, pasion dhe ROR nga Fleta Mujaj<\/a><\/div>  <p class=\"mb_20 des_cription\">M\u00ebsoni rreth projekteve dhe nismave tona t\u00eb fundit q\u00eb synojn\u00eb t\u00eb b\u00ebjn\u00eb nj\u00eb pozitiv<\/p>  <div> <a class=\"text_btn\" href=\"https:\/\/ror-rks.net\/sq\/blog\/synonyms-use-of-free-time-passion-and-ror-from-fleta-mujaj\/\"> <small>Read more<\/small> <\/a> <\/div> <\/div> <\/div>\n     <\/div>       <div class=\"col-xl-12 blog-wrapper\">    <div class=\"blog-style_2 mb_40 has_images d_flex align-items-center\">  <div class=\"image-box img_obj_fit_center\"> <a href=\"https:\/\/ror-rks.net\/sq\/blog\/my-journey-with-ror-seeking-childrens-rights-and-shaping-myself-by-trina-hoti\/\" class=\"img_link\"> <img fetchpriority=\"high\" decoding=\"async\" width=\"1200\" height=\"628\" src=\"https:\/\/ror-rks.net\/wp-content\/uploads\/2021\/09\/ROR_Lajme-1.png\" class=\"attachment-risehand-image-370-270 trans size-risehand-image-370-270 trans wp-post-image\" alt=\"\"   \/> <\/a>  <a href=\"https:\/\/ror-rks.net\/sq\/category\/blog\/\" class=\"cat_gry\">Blog<\/a>  <\/div>  <div class=\"content_box trans\">  <div class=\"d-flex\">  <span class=\"date_tm\"><time class=\"date published font_special\" datetime=\"2020-11-26T11:31:37+00:00\"><i class=\"risehand-calendar5 mr-5\"><\/i>26 N\u00ebntor, 2020<\/time><\/span>   <\/div>  <div class=\"title_22 mb_15\"><a href=\"https:\/\/ror-rks.net\/sq\/blog\/my-journey-with-ror-seeking-childrens-rights-and-shaping-myself-by-trina-hoti\/\" class=\"trim-3\">Rrug\u00ebtimi im me ROR-in: K\u00ebrkimi i t\u00eb drejtave t\u00eb f\u00ebmij\u00ebve dhe form\u00ebsimi i vetes nga Trina Hoti<\/a><\/div>  <p class=\"mb_20 des_cription\">M\u00ebsoni rreth projekteve dhe nismave tona t\u00eb fundit q\u00eb synojn\u00eb t\u00eb b\u00ebjn\u00eb nj\u00eb pozitiv<\/p>  <div> <a class=\"text_btn\" href=\"https:\/\/ror-rks.net\/sq\/blog\/my-journey-with-ror-seeking-childrens-rights-and-shaping-myself-by-trina-hoti\/\"> <small>Read more<\/small> <\/a> <\/div> <\/div> <\/div>\n     <\/div>       <div class=\"col-xl-12 blog-wrapper\">    <div class=\"blog-style_2 mb_40 has_images d_flex align-items-center\">  <div class=\"image-box img_obj_fit_center\"> <a href=\"https:\/\/ror-rks.net\/sq\/blog\/how-did-i-become-an-activist-for-girls-rights-by-rea-sylejmani\/\" class=\"img_link\"> <img fetchpriority=\"high\" decoding=\"async\" width=\"1200\" height=\"628\" src=\"https:\/\/ror-rks.net\/wp-content\/uploads\/2021\/09\/ROR_Lajme-1.png\" class=\"attachment-risehand-image-370-270 trans size-risehand-image-370-270 trans wp-post-image\" alt=\"\"   \/> <\/a>  <a href=\"https:\/\/ror-rks.net\/sq\/category\/blog\/\" class=\"cat_gry\">Blog<\/a>  <\/div>  <div class=\"content_box trans\">  <div class=\"d-flex\">  <span class=\"date_tm\"><time class=\"date published font_special\" datetime=\"2020-11-16T11:49:05+00:00\"><i class=\"risehand-calendar5 mr-5\"><\/i>16 N\u00ebntor, 2020<\/time><\/span>   <\/div>  <div class=\"title_22 mb_15\"><a href=\"https:\/\/ror-rks.net\/sq\/blog\/how-did-i-become-an-activist-for-girls-rights-by-rea-sylejmani\/\" class=\"trim-3\">Si u b\u00ebra aktiviste p\u00ebr t\u00eb drejtat e vajzave? nga Rea Sylejmani<\/a><\/div>  <p class=\"mb_20 des_cription\">M\u00ebsoni rreth projekteve dhe nismave tona t\u00eb fundit q\u00eb synojn\u00eb t\u00eb b\u00ebjn\u00eb nj\u00eb pozitiv<\/p>  <div> <a class=\"text_btn\" href=\"https:\/\/ror-rks.net\/sq\/blog\/how-did-i-become-an-activist-for-girls-rights-by-rea-sylejmani\/\"> <small>Read more<\/small> <\/a> <\/div> <\/div> <\/div>\n     <\/div>     <\/div>  <div class=\"row\"> <div class=\"col-lg-12\"> <div class=\"pagination\">  <\/div> <\/div> <\/div>  <\/section>\r\n\t\t\t\t<\/div>\n\t\t\t\t<\/div>\n\t\t\t\t\t<\/div>\n\t\t<\/div>\n\t\t\t\t\t<\/div>\n\t\t<\/section>\n\t\t\t\t<\/div>","protected":false},"excerpt":{"rendered":"<p>Blog September 2, 2021 It\u2019s the day I felt powerful with my voice!Learn about our recent projects and initiatives aimed at making a positive Read more<\/p>","protected":false},"author":1,"featured_media":0,"parent":0,"menu_order":0,"comment_status":"closed","ping_status":"closed","template":"","meta":{"give_campaign_id":0,"_themeisle_gutenberg_block_has_review":false,"footnotes":""},"class_list":["post-3092","page","type-page","status-publish","hentry"],"campaignId":"","_links":{"self":[{"href":"https:\/\/ror-rks.net\/sq\/wp-json\/wp\/v2\/pages\/3092","targetHints":{"allow":["GET"]}}],"collection":[{"href":"https:\/\/ror-rks.net\/sq\/wp-json\/wp\/v2\/pages"}],"about":[{"href":"https:\/\/ror-rks.net\/sq\/wp-json\/wp\/v2\/types\/page"}],"author":[{"embeddable":true,"href":"https:\/\/ror-rks.net\/sq\/wp-json\/wp\/v2\/users\/1"}],"replies":[{"embeddable":true,"href":"https:\/\/ror-rks.net\/sq\/wp-json\/wp\/v2\/comments?post=3092"}],"version-history":[{"count":5,"href":"https:\/\/ror-rks.net\/sq\/wp-json\/wp\/v2\/pages\/3092\/revisions"}],"predecessor-version":[{"id":7786,"href":"https:\/\/ror-rks.net\/sq\/wp-json\/wp\/v2\/pages\/3092\/revisions\/7786"}],"wp:attachment":[{"href":"https:\/\/ror-rks.net\/sq\/wp-json\/wp\/v2\/media?parent=3092"}],"curies":[{"name":"wp","href":"https:\/\/api.w.org\/{rel}","templated":true}]}}