{"id":3090,"date":"2024-01-19T07:23:44","date_gmt":"2024-01-19T07:23:44","guid":{"rendered":"https:\/\/themepanthers.com\/wp\/risehand\/el\/?page_id=3090"},"modified":"2024-05-06T12:49:24","modified_gmt":"2024-05-06T12:49:24","slug":"news","status":"publish","type":"page","link":"https:\/\/ror-rks.net\/sq\/news\/","title":{"rendered":"Lajmet"},"content":{"rendered":"<div data-elementor-type=\"wp-page\" data-elementor-id=\"3090\" class=\"elementor elementor-3090\" data-elementor-post-type=\"page\">\n\t\t\t\t\t\t<section class=\"elementor-section elementor-top-section elementor-element elementor-element-d0ad67a elementor-section-boxed elementor-section-height-default elementor-section-height-default\" data-id=\"d0ad67a\" data-element_type=\"section\" data-e-type=\"section\">\n\t\t\t\t\t\t<div class=\"elementor-container elementor-column-gap-default\">\n\t\t\t\t\t<div class=\"elementor-column elementor-col-100 elementor-top-column elementor-element elementor-element-3063f2f\" data-id=\"3063f2f\" data-element_type=\"column\" data-e-type=\"column\">\n\t\t\t<div class=\"elementor-widget-wrap elementor-element-populated\">\n\t\t\t\t\t\t<div class=\"elementor-element elementor-element-a0b276f elementor-widget elementor-widget-risehand-blog-post-v1\" data-id=\"a0b276f\" data-element_type=\"widget\" data-e-type=\"widget\" data-widget_type=\"risehand-blog-post-v1.default\">\n\t\t\t\t<div class=\"elementor-widget-container\">\n\t\t\t\t\t<section class=\"blog_post_section excerpt_enable\"> <div class=\"row\">      <div class=\"col-xl-4 col-lg-4 col-md-6 col-sm-6\"> <div class=\"blog-style_1 mb_40 has_images\">  <div class=\"image-box img_obj_fit_center\"> <a href=\"https:\/\/ror-rks.net\/sq\/meetings\/drafting-of-the-three-year-advocacy-strategy-2026-2028-for-the-ror-and-akf-childrens-groups\/\" class=\"img_link\"> <img fetchpriority=\"high\" decoding=\"async\" width=\"1323\" height=\"885\" src=\"https:\/\/ror-rks.net\/wp-content\/uploads\/2026\/04\/Capture.png\" class=\"attachment-risehand-image-370-270 trans size-risehand-image-370-270 trans wp-post-image\" alt=\"\"   \/> <\/a> <\/div>  <div class=\"content_box_outer\"> <div class=\"content_box trans\">  <a href=\"https:\/\/ror-rks.net\/sq\/category\/meetings\/\" class=\"cat_gry\">Takime<\/a>   <div class=\"d-flex\">  <span class=\"date_tm\"><time class=\"date published font_special\" datetime=\"2026-02-23T13:00:29+00:00\"><i class=\"risehand-calendar5 mr-5\"><\/i>23 Shkurt, 2026<\/time><\/span>   <\/div>  <div class=\"title_22 mb_15\"><a href=\"https:\/\/ror-rks.net\/sq\/meetings\/drafting-of-the-three-year-advocacy-strategy-2026-2028-for-the-ror-and-akf-childrens-groups\/\" class=\"trim-3\">Hartimin i Strategjis\u00eb Trevje\u00e7are t\u00eb Avokimit (2026\u20132028) p\u00ebr grupet e f\u00ebmij\u00ebve ROR dhe AKF<\/a><\/div>  <p class=\"mb_20 des_cription\">Vermica, February 19\u201321: A three-day workshop was held to draft the Three-Year Advocacy Strategy (2026\u20132028) for the ROR and AKF&hellip;<\/p>  <div> <a class=\"text_btn\" href=\"https:\/\/ror-rks.net\/sq\/meetings\/drafting-of-the-three-year-advocacy-strategy-2026-2028-for-the-ror-and-akf-childrens-groups\/\"> <small>Read more<\/small> <\/a> <\/div> <\/div> <\/div><\/div>\n <\/div>       <div class=\"col-xl-4 col-lg-4 col-md-6 col-sm-6\"> <div class=\"blog-style_1 mb_40 has_images\">  <div class=\"image-box img_obj_fit_center\"> <a href=\"https:\/\/ror-rks.net\/sq\/environmental\/mbeturrina\/\" class=\"img_link\"> <img decoding=\"async\" width=\"1336\" height=\"881\" src=\"https:\/\/ror-rks.net\/wp-content\/uploads\/2026\/03\/Capture-2.png\" class=\"attachment-risehand-image-370-270 trans size-risehand-image-370-270 trans wp-post-image\" alt=\"\"   \/> <\/a> <\/div>  <div class=\"content_box_outer\"> <div class=\"content_box trans\">  <a href=\"https:\/\/ror-rks.net\/sq\/category\/environmental\/\" class=\"cat_gry\">Mjedisor<\/a>   <div class=\"d-flex\">  <span class=\"date_tm\"><time class=\"date published font_special\" datetime=\"2025-10-10T13:00:53+00:00\"><i class=\"risehand-calendar5 mr-5\"><\/i>10 Tetor, 2025<\/time><\/span>   <\/div>  <div class=\"title_22 mb_15\"><a href=\"https:\/\/ror-rks.net\/sq\/environmental\/mbeturrina\/\" class=\"trim-3\">Mbetu\u2019Rrina<\/a><\/div>  <p class=\"mb_20 des_cription\">\u201cMbetu&#8217;Rrina\u201d \u2013 creativity that turns trash into a message for the environment! As the name itself suggests, this time the&hellip;<\/p>  <div> <a class=\"text_btn\" href=\"https:\/\/ror-rks.net\/sq\/environmental\/mbeturrina\/\"> <small>Read more<\/small> <\/a> <\/div> <\/div> <\/div><\/div>\n <\/div>       <div class=\"col-xl-4 col-lg-4 col-md-6 col-sm-6\"> <div class=\"blog-style_1 mb_40 has_images\">  <div class=\"image-box img_obj_fit_center\"> <a href=\"https:\/\/ror-rks.net\/sq\/community\/enhancing-park-accessibility-tailored-benches-for-the-disabled-gjakove\/\" class=\"img_link\"> <img decoding=\"async\" width=\"1380\" height=\"918\" src=\"https:\/\/ror-rks.net\/wp-content\/uploads\/2026\/03\/Capture-3.png\" class=\"attachment-risehand-image-370-270 trans size-risehand-image-370-270 trans wp-post-image\" alt=\"\"   \/> <\/a> <\/div>  <div class=\"content_box_outer\"> <div class=\"content_box trans\">  <a href=\"https:\/\/ror-rks.net\/sq\/category\/community\/\" class=\"cat_gry\">Komunitet<\/a>   <div class=\"d-flex\">  <span class=\"date_tm\"><time class=\"date published font_special\" datetime=\"2025-09-16T13:00:41+00:00\"><i class=\"risehand-calendar5 mr-5\"><\/i>16 Shtator, 2025<\/time><\/span>   <\/div>  <div class=\"title_22 mb_15\"><a href=\"https:\/\/ror-rks.net\/sq\/community\/enhancing-park-accessibility-tailored-benches-for-the-disabled-gjakove\/\" class=\"trim-3\">Rritja e qasshmerise ne park ul\u00ebse t\u00eb dedikuara p\u00ebr personat me aft\u00ebsi t\u00eb kufizuara: Gjakove<\/a><\/div>  <p class=\"mb_20 des_cription\">The ROR Group, in cooperation with partner organizations, has today installed new accessible benches for people with disabilities in Gjakova&hellip;<\/p>  <div> <a class=\"text_btn\" href=\"https:\/\/ror-rks.net\/sq\/community\/enhancing-park-accessibility-tailored-benches-for-the-disabled-gjakove\/\"> <small>Read more<\/small> <\/a> <\/div> <\/div> <\/div><\/div>\n <\/div>       <div class=\"col-xl-4 col-lg-4 col-md-6 col-sm-6\"> <div class=\"blog-style_1 mb_40 has_images\">  <div class=\"image-box img_obj_fit_center\"> <a href=\"https:\/\/ror-rks.net\/sq\/community\/meeting-with-the-deputy-ombudsman\/\" class=\"img_link\"> <img loading=\"lazy\" decoding=\"async\" width=\"1345\" height=\"893\" src=\"https:\/\/ror-rks.net\/wp-content\/uploads\/2026\/03\/Capture-1.png\" class=\"attachment-risehand-image-370-270 trans size-risehand-image-370-270 trans wp-post-image\" alt=\"\"   \/> <\/a> <\/div>  <div class=\"content_box_outer\"> <div class=\"content_box trans\">  <a href=\"https:\/\/ror-rks.net\/sq\/category\/community\/\" class=\"cat_gry\">Komunitet<\/a>   <div class=\"d-flex\">  <span class=\"date_tm\"><time class=\"date published font_special\" datetime=\"2025-08-26T13:00:36+00:00\"><i class=\"risehand-calendar5 mr-5\"><\/i>26 Gusht, 2025<\/time><\/span>   <\/div>  <div class=\"title_22 mb_15\"><a href=\"https:\/\/ror-rks.net\/sq\/community\/meeting-with-the-deputy-ombudsman\/\" class=\"trim-3\">Takim me Z\u00ebvend\u00ebs Avokatin e Popullit<\/a><\/div>  <p class=\"mb_20 des_cription\">Today we met with the Deputy Ombudsman, Mr. Basri Kastrati, and other officials from the Department of Children. At this&hellip;<\/p>  <div> <a class=\"text_btn\" href=\"https:\/\/ror-rks.net\/sq\/community\/meeting-with-the-deputy-ombudsman\/\"> <small>Read more<\/small> <\/a> <\/div> <\/div> <\/div><\/div>\n <\/div>       <div class=\"col-xl-4 col-lg-4 col-md-6 col-sm-6\"> <div class=\"blog-style_1 mb_40 has_images\">  <div class=\"image-box img_obj_fit_center\"> <a href=\"https:\/\/ror-rks.net\/sq\/meetings\/think-about-earth\/\" class=\"img_link\"> <img loading=\"lazy\" decoding=\"async\" width=\"1920\" height=\"1450\" src=\"https:\/\/ror-rks.net\/wp-content\/uploads\/2026\/03\/getmyfbcom_1774348672528-Picsart-AiImageEnhancer.jpeg\" class=\"attachment-risehand-image-370-270 trans size-risehand-image-370-270 trans wp-post-image\" alt=\"\"   \/> <\/a> <\/div>  <div class=\"content_box_outer\"> <div class=\"content_box trans\">  <a href=\"https:\/\/ror-rks.net\/sq\/category\/meetings\/\" class=\"cat_gry\">Takime<\/a>   <div class=\"d-flex\">  <span class=\"date_tm\"><time class=\"date published font_special\" datetime=\"2025-07-03T13:00:17+00:00\"><i class=\"risehand-calendar5 mr-5\"><\/i>3 Korrik, 2025<\/time><\/span>   <\/div>  <div class=\"title_22 mb_15\"><a href=\"https:\/\/ror-rks.net\/sq\/meetings\/think-about-earth\/\" class=\"trim-3\">Mendo p\u00ebr Tok\u00ebn<\/a><\/div>  <p class=\"mb_20 des_cription\">Think about the Earth\u00a0On 03.07.2025 in Prishtina, the 5th edition of the \u201cThink about the Earth\u201d campaign organized by members&hellip;<\/p>  <div> <a class=\"text_btn\" href=\"https:\/\/ror-rks.net\/sq\/meetings\/think-about-earth\/\"> <small>Read more<\/small> <\/a> <\/div> <\/div> <\/div><\/div>\n <\/div>       <div class=\"col-xl-4 col-lg-4 col-md-6 col-sm-6\"> <div class=\"blog-style_1 mb_40 has_images\">  <div class=\"image-box img_obj_fit_center\"> <a href=\"https:\/\/ror-rks.net\/sq\/meetings\/ngritja-e-kapaciteteve-mbi-metodologjite-e-qasjes-ndaj-vendimmarresve-ne-nivel-lokal-e-nacional-qasjes-ne-media-dhe-avokim\/\" class=\"img_link\"> <img loading=\"lazy\" decoding=\"async\" width=\"960\" height=\"639\" src=\"https:\/\/ror-rks.net\/wp-content\/uploads\/2026\/03\/getmyfb.com_1774343774079.jpeg\" class=\"attachment-risehand-image-370-270 trans size-risehand-image-370-270 trans wp-post-image\" alt=\"\"   \/> <\/a> <\/div>  <div class=\"content_box_outer\"> <div class=\"content_box trans\">  <a href=\"https:\/\/ror-rks.net\/sq\/category\/meetings\/\" class=\"cat_gry\">Takime<\/a>   <div class=\"d-flex\">  <span class=\"date_tm\"><time class=\"date published font_special\" datetime=\"2025-04-22T13:00:25+00:00\"><i class=\"risehand-calendar5 mr-5\"><\/i>22 Prill, 2025<\/time><\/span>   <\/div>  <div class=\"title_22 mb_15\"><a href=\"https:\/\/ror-rks.net\/sq\/meetings\/ngritja-e-kapaciteteve-mbi-metodologjite-e-qasjes-ndaj-vendimmarresve-ne-nivel-lokal-e-nacional-qasjes-ne-media-dhe-avokim\/\" class=\"trim-3\">Ngritja e kapaciteteve mbi metodologjit\u00eb e qasjes ndaj vendimmarr\u00ebsve n\u00eb nivel lokal e nacional, qasjes n\u00eb media dhe avokim<\/a><\/div>  <p class=\"mb_20 des_cription\">From April 19-22, a three-day training on \u201cCapacity Building on Methodologies for Engaging Decision-Makers at the Local and National Levels,&hellip;<\/p>  <div> <a class=\"text_btn\" href=\"https:\/\/ror-rks.net\/sq\/meetings\/ngritja-e-kapaciteteve-mbi-metodologjite-e-qasjes-ndaj-vendimmarresve-ne-nivel-lokal-e-nacional-qasjes-ne-media-dhe-avokim\/\"> <small>Read more<\/small> <\/a> <\/div> <\/div> <\/div><\/div>\n <\/div>       <div class=\"col-xl-4 col-lg-4 col-md-6 col-sm-6\"> <div class=\"blog-style_1 mb_40 has_images\">  <div class=\"image-box img_obj_fit_center\"> <a href=\"https:\/\/ror-rks.net\/sq\/community\/enhancing-park-accessibility-tailored-benches-for-the-disabled\/\" class=\"img_link\"> <img loading=\"lazy\" decoding=\"async\" width=\"1437\" height=\"960\" src=\"https:\/\/ror-rks.net\/wp-content\/uploads\/2026\/03\/grupinpark.jpg\" class=\"attachment-risehand-image-370-270 trans size-risehand-image-370-270 trans wp-post-image\" alt=\"\"   \/> <\/a> <\/div>  <div class=\"content_box_outer\"> <div class=\"content_box trans\">  <a href=\"https:\/\/ror-rks.net\/sq\/category\/community\/\" class=\"cat_gry\">Komunitet<\/a>   <div class=\"d-flex\">  <span class=\"date_tm\"><time class=\"date published font_special\" datetime=\"2025-01-10T13:00:00+00:00\"><i class=\"risehand-calendar5 mr-5\"><\/i>10 Janar, 2025<\/time><\/span>   <\/div>  <div class=\"title_22 mb_15\"><a href=\"https:\/\/ror-rks.net\/sq\/community\/enhancing-park-accessibility-tailored-benches-for-the-disabled\/\" class=\"trim-3\">Rritja e Qasshm\u00ebris\u00eb n\u00eb Park: Ul\u00ebse t\u00eb dedikuara p\u00ebr personat me aft\u00ebsi t\u00eb kufizuara<\/a><\/div>  <p class=\"mb_20 des_cription\">In our final meeting of the year, we inaugurated a special bench for individuals with disabilities in Karagaq Park, Peja\u2014a&hellip;<\/p>  <div> <a class=\"text_btn\" href=\"https:\/\/ror-rks.net\/sq\/community\/enhancing-park-accessibility-tailored-benches-for-the-disabled\/\"> <small>Read more<\/small> <\/a> <\/div> <\/div> <\/div><\/div>\n <\/div>       <div class=\"col-xl-4 col-lg-4 col-md-6 col-sm-6\"> <div class=\"blog-style_1 mb_40 has_images\">  <div class=\"image-box img_obj_fit_center\"> <a href=\"https:\/\/ror-rks.net\/sq\/activities\/the-meeting-of-the-sub-ministerial-committee-for-childrens-rights-to-mark-june-1\/\" class=\"img_link\"> <img loading=\"lazy\" decoding=\"async\" width=\"2048\" height=\"1537\" src=\"https:\/\/ror-rks.net\/wp-content\/uploads\/2024\/06\/1.jpg\" class=\"attachment-risehand-image-370-270 trans size-risehand-image-370-270 trans wp-post-image\" alt=\"\"   \/> <\/a> <\/div>  <div class=\"content_box_outer\"> <div class=\"content_box trans\">  <a href=\"https:\/\/ror-rks.net\/sq\/category\/activities\/\" class=\"cat_gry\">Aktivitete<\/a>   <div class=\"d-flex\">  <span class=\"date_tm\"><time class=\"date published font_special updated\" datetime=\"2024-06-02T17:38:10+00:00\"><i class=\"risehand-calendar5 mr-5\"><\/i>2 Qershor, 2024<\/time><\/span>   <\/div>  <div class=\"title_22 mb_15\"><a href=\"https:\/\/ror-rks.net\/sq\/activities\/the-meeting-of-the-sub-ministerial-committee-for-childrens-rights-to-mark-june-1\/\" class=\"trim-3\">Mbledhja e Komisionit Nd\u00ebrministror p\u00ebr t\u00eb Drejtat e F\u00ebmij\u00ebve, p\u00ebr t\u00eb sh\u00ebnuar 1-Qershorin.<\/a><\/div>  <p class=\"mb_20 des_cription\">Representatives of children&#8217;s groups from Respect Our Rights &#8211; ROR and the Municipal Assembly of Children in Pristina, supported by&hellip;<\/p>  <div> <a class=\"text_btn\" href=\"https:\/\/ror-rks.net\/sq\/activities\/the-meeting-of-the-sub-ministerial-committee-for-childrens-rights-to-mark-june-1\/\"> <small>Read more<\/small> <\/a> <\/div> <\/div> <\/div><\/div>\n <\/div>       <div class=\"col-xl-4 col-lg-4 col-md-6 col-sm-6\"> <div class=\"blog-style_1 mb_40 has_images\">  <div class=\"image-box img_obj_fit_center\"> <a href=\"https:\/\/ror-rks.net\/sq\/meetings\/training-with-ak-and-the-ror-group\/\" class=\"img_link\"> <img loading=\"lazy\" decoding=\"async\" width=\"2048\" height=\"1365\" src=\"https:\/\/ror-rks.net\/wp-content\/uploads\/2024\/04\/foto1.jpg\" class=\"attachment-risehand-image-370-270 trans size-risehand-image-370-270 trans wp-post-image\" alt=\"\"   \/> <\/a> <\/div>  <div class=\"content_box_outer\"> <div class=\"content_box trans\">  <a href=\"https:\/\/ror-rks.net\/sq\/category\/meetings\/\" class=\"cat_gry\">Takime<\/a>   <div class=\"d-flex\">  <span class=\"date_tm\"><time class=\"date published font_special\" datetime=\"2024-04-25T12:38:27+00:00\"><i class=\"risehand-calendar5 mr-5\"><\/i>25 Prill, 2024<\/time><\/span>   <\/div>  <div class=\"title_22 mb_15\"><a href=\"https:\/\/ror-rks.net\/sq\/meetings\/training-with-ak-and-the-ror-group\/\" class=\"trim-3\">Trajnim me AK dhe ROR<\/a><\/div>  <p class=\"mb_20 des_cription\">Training with AK and the ROR group Gjilan, April 23 &#8211; Eye of the Vision organizations in partnership with Save&hellip;<\/p>  <div> <a class=\"text_btn\" href=\"https:\/\/ror-rks.net\/sq\/meetings\/training-with-ak-and-the-ror-group\/\"> <small>Read more<\/small> <\/a> <\/div> <\/div> <\/div><\/div>\n <\/div>       <div class=\"col-xl-4 col-lg-4 col-md-6 col-sm-6\"> <div class=\"blog-style_1 mb_40 has_images\">  <div class=\"image-box img_obj_fit_center\"> <a href=\"https:\/\/ror-rks.net\/sq\/releases\/public-reaction\/\" class=\"img_link\"> <img loading=\"lazy\" decoding=\"async\" width=\"1391\" height=\"1739\" src=\"https:\/\/ror-rks.net\/wp-content\/uploads\/2024\/04\/Reagim.jpg\" class=\"attachment-risehand-image-370-270 trans size-risehand-image-370-270 trans wp-post-image\" alt=\"\"   \/> <\/a> <\/div>  <div class=\"content_box_outer\"> <div class=\"content_box trans\">  <a href=\"https:\/\/ror-rks.net\/sq\/category\/releases\/\" class=\"cat_gry\">Komunikata<\/a>   <div class=\"d-flex\">  <span class=\"date_tm\"><time class=\"date published font_special\" datetime=\"2024-04-25T11:01:09+00:00\"><i class=\"risehand-calendar5 mr-5\"><\/i>25 Prill, 2024<\/time><\/span>   <\/div>  <div class=\"title_22 mb_15\"><a href=\"https:\/\/ror-rks.net\/sq\/releases\/public-reaction\/\" class=\"trim-3\">REAGIM PUBLIK<\/a><\/div>  <p class=\"mb_20 des_cription\">M\u00ebsoni rreth projekteve dhe nismave tona t\u00eb fundit q\u00eb synojn\u00eb t\u00eb b\u00ebjn\u00eb nj\u00eb pozitiv<\/p>  <div> <a class=\"text_btn\" href=\"https:\/\/ror-rks.net\/sq\/releases\/public-reaction\/\"> <small>Read more<\/small> <\/a> <\/div> <\/div> <\/div><\/div>\n <\/div>       <div class=\"col-xl-4 col-lg-4 col-md-6 col-sm-6\"> <div class=\"blog-style_1 mb_40 has_images\">  <div class=\"image-box img_obj_fit_center\"> <a href=\"https:\/\/ror-rks.net\/sq\/activities\/become-a-part-of-ror\/\" class=\"img_link\"> <img loading=\"lazy\" decoding=\"async\" width=\"2048\" height=\"2048\" src=\"https:\/\/ror-rks.net\/wp-content\/uploads\/2024\/04\/behu-pjeser.jpg\" class=\"attachment-risehand-image-370-270 trans size-risehand-image-370-270 trans wp-post-image\" alt=\"\"   \/> <\/a> <\/div>  <div class=\"content_box_outer\"> <div class=\"content_box trans\">  <a href=\"https:\/\/ror-rks.net\/sq\/category\/activities\/\" class=\"cat_gry\">Aktivitete<\/a>   <div class=\"d-flex\">  <span class=\"date_tm\"><time class=\"date published font_special\" datetime=\"2024-04-25T10:52:06+00:00\"><i class=\"risehand-calendar5 mr-5\"><\/i>25 Prill, 2024<\/time><\/span>   <\/div>  <div class=\"title_22 mb_15\"><a href=\"https:\/\/ror-rks.net\/sq\/activities\/become-a-part-of-ror\/\" class=\"trim-3\">B\u00ebhu pjes\u00eb e ROR<\/a><\/div>  <p class=\"mb_20 des_cription\">Become a part of ROR! &nbsp; ROR invites all children aged 14-17 to apply to become part of the largest&hellip;<\/p>  <div> <a class=\"text_btn\" href=\"https:\/\/ror-rks.net\/sq\/activities\/become-a-part-of-ror\/\"> <small>Read more<\/small> <\/a> <\/div> <\/div> <\/div><\/div>\n <\/div>       <div class=\"col-xl-4 col-lg-4 col-md-6 col-sm-6\"> <div class=\"blog-style_1 mb_40 has_images\">  <div class=\"image-box img_obj_fit_center\"> <a href=\"https:\/\/ror-rks.net\/sq\/releases\/media-releases\/\" class=\"img_link\"> <img loading=\"lazy\" decoding=\"async\" width=\"400\" height=\"400\" src=\"https:\/\/ror-rks.net\/wp-content\/uploads\/2024\/03\/PER-MEDIA-758-x-758-px-512-x-512-px-400-x-400-px.png\" class=\"attachment-risehand-image-370-270 trans size-risehand-image-370-270 trans wp-post-image\" alt=\"\"   \/> <\/a> <\/div>  <div class=\"content_box_outer\"> <div class=\"content_box trans\">  <a href=\"https:\/\/ror-rks.net\/sq\/category\/releases\/\" class=\"cat_gry\">Komunikata<\/a>   <div class=\"d-flex\">  <span class=\"date_tm\"><time class=\"date published font_special\" datetime=\"2021-10-22T10:00:21+00:00\"><i class=\"risehand-calendar5 mr-5\"><\/i>22 Tetor, 2021<\/time><\/span>   <\/div>  <div class=\"title_22 mb_15\"><a href=\"https:\/\/ror-rks.net\/sq\/releases\/media-releases\/\" class=\"trim-3\">KOMUNIKAT\u00cb P\u00cbR MEDIA<\/a><\/div>  <p class=\"mb_20 des_cription\">M\u00ebsoni rreth projekteve dhe nismave tona t\u00eb fundit q\u00eb synojn\u00eb t\u00eb b\u00ebjn\u00eb nj\u00eb pozitiv<\/p>  <div> <a class=\"text_btn\" href=\"https:\/\/ror-rks.net\/sq\/releases\/media-releases\/\"> <small>Read more<\/small> <\/a> <\/div> <\/div> <\/div><\/div>\n <\/div>     <\/div>  <div class=\"row\"> <div class=\"col-lg-12\"> <div class=\"pagination\"> <ul class='page-numbers'>\n\t<li><span aria-label=\"Faqe 1\" aria-current=\"page\" class=\"page-numbers current\" data-no-translation-aria-label=\"\">1<\/span><\/li>\n\t<li><a aria-label=\"Faqe 2\" class=\"page-numbers\" href=\"https:\/\/ror-rks.net\/sq\/wp-json\/wp\/v2\/pages\/3090\/page\/2\/\" data-no-translation-aria-label=\"\">2<\/a><\/li>\n\t<li><a class=\"next page-numbers\" href=\"https:\/\/ror-rks.net\/sq\/wp-json\/wp\/v2\/pages\/3090\/page\/2\/\"><i class=\"fa fa-angle-right\"><\/i><\/a><\/li>\n<\/ul>\n <\/div> <\/div> <\/div>  <\/section>\r\n\t\t\t\t<\/div>\n\t\t\t\t<\/div>\n\t\t\t\t\t<\/div>\n\t\t<\/div>\n\t\t\t\t\t<\/div>\n\t\t<\/section>\n\t\t\t\t<\/div>","protected":false},"excerpt":{"rendered":"<p>Meetings April 25, 2024 Training with AK and the ROR group Training with AK and the ROR group Gjilan, April 23 &#8211; Eye of the Vision organizations in partnership with [&hellip;]<\/p>\n","protected":false},"author":1,"featured_media":0,"parent":0,"menu_order":0,"comment_status":"closed","ping_status":"closed","template":"template-fullwidth.php","meta":{"give_campaign_id":0,"_themeisle_gutenberg_block_has_review":false,"footnotes":""},"class_list":["post-3090","page","type-page","status-publish","hentry"],"campaignId":"","_links":{"self":[{"href":"https:\/\/ror-rks.net\/sq\/wp-json\/wp\/v2\/pages\/3090","targetHints":{"allow":["GET"]}}],"collection":[{"href":"https:\/\/ror-rks.net\/sq\/wp-json\/wp\/v2\/pages"}],"about":[{"href":"https:\/\/ror-rks.net\/sq\/wp-json\/wp\/v2\/types\/page"}],"author":[{"embeddable":true,"href":"https:\/\/ror-rks.net\/sq\/wp-json\/wp\/v2\/users\/1"}],"replies":[{"embeddable":true,"href":"https:\/\/ror-rks.net\/sq\/wp-json\/wp\/v2\/comments?post=3090"}],"version-history":[{"count":17,"href":"https:\/\/ror-rks.net\/sq\/wp-json\/wp\/v2\/pages\/3090\/revisions"}],"predecessor-version":[{"id":7881,"href":"https:\/\/ror-rks.net\/sq\/wp-json\/wp\/v2\/pages\/3090\/revisions\/7881"}],"wp:attachment":[{"href":"https:\/\/ror-rks.net\/sq\/wp-json\/wp\/v2\/media?parent=3090"}],"curies":[{"name":"wp","href":"https:\/\/api.w.org\/{rel}","templated":true}]}}