{"id":3030,"date":"2024-01-19T07:20:11","date_gmt":"2024-01-19T07:20:11","guid":{"rendered":"https:\/\/themepanthers.com\/wp\/risehand\/el\/?page_id=3030"},"modified":"2024-04-12T13:49:32","modified_gmt":"2024-04-12T13:49:32","slug":"portfolio-gallery-3","status":"publish","type":"page","link":"https:\/\/ror-rks.net\/sq\/portfolio-gallery-3\/","title":{"rendered":"Portfolio Gallery 3"},"content":{"rendered":"<div data-elementor-type=\"wp-page\" data-elementor-id=\"3030\" class=\"elementor elementor-3030\" data-elementor-post-type=\"page\">\n\t\t\t\t\t\t<section class=\"elementor-section elementor-top-section elementor-element elementor-element-bb44cb7 elementor-section-boxed elementor-section-height-default elementor-section-height-default\" data-id=\"bb44cb7\" data-element_type=\"section\" data-e-type=\"section\">\n\t\t\t\t\t\t<div class=\"elementor-container elementor-column-gap-default\">\n\t\t\t\t\t<div class=\"elementor-column elementor-col-100 elementor-top-column elementor-element elementor-element-f9d9599\" data-id=\"f9d9599\" data-element_type=\"column\" data-e-type=\"column\">\n\t\t\t<div class=\"elementor-widget-wrap elementor-element-populated\">\n\t\t\t\t\t\t<div class=\"elementor-element elementor-element-204cd2c elementor-widget elementor-widget-risehand-portfolio-post-v1\" data-id=\"204cd2c\" data-element_type=\"widget\" data-e-type=\"widget\" data-widget_type=\"risehand-portfolio-post-v1.default\">\n\t\t\t\t<div class=\"elementor-widget-container\">\n\t\t\t\t\t \r\n<section class=\"portfolio_post_section\">\r\n            <div class=\"fliter_group\">\r\n            <ul class=\"project_filter d_flex clearfix\">\r\n                <li data-filter=\"*\" class=\"current theme_btn\">Show All<\/li>\r\n                                                            <li data-filter=\".project_category-clean-water\" class=\"theme_btn\">\r\n                            Clean Warter                        <\/li>\r\n                                            <li data-filter=\".project_category-donate\" class=\"theme_btn\">\r\n                            Donate                        <\/li>\r\n                                            <li data-filter=\".project_category-education\" class=\"theme_btn\">\r\n                            Edukimi                        <\/li>\r\n                                            <li data-filter=\".project_category-kids-care\" class=\"theme_btn\">\r\n                            Kids Care                        <\/li>\r\n                                            <li data-filter=\".project_category-pets-care\" class=\"theme_btn\">\r\n                            Pets Care                        <\/li>\r\n                                            <li data-filter=\".project_category-refugee\" class=\"theme_btn\">\r\n                            Refugee                        <\/li>\r\n                                            <li data-filter=\".project_category-save-soil\" class=\"theme_btn\">\r\n                            Save Soil                        <\/li>\r\n                                                <\/ul>\r\n        <\/div>\r\n        <div class=\"project_container clearfix\">\r\n            <div class=\"row\">\r\n                                                                                                                                                                                                                                                                                                                                                                                                                                    <div class=\"project-wrapper grid-item mb_40 col-xl-4 col-lg-4 col-md-6 col-sm-6 project_category-education\">\r\n                                        <div class=\"portfolio-style_3 has_images\">  <div class=\"image-box trans img_obj_fit_center\"> <a href=\"https:\/\/ror-rks.net\/sq\/portfolio\/education-for-all\/\" class=\"img_link trans\"> <img fetchpriority=\"high\" decoding=\"async\" width=\"900\" height=\"900\" src=\"https:\/\/ror-rks.net\/wp-content\/uploads\/2023\/12\/Gallery.png\" class=\"attachment-risehand-image-500-500 trans size-risehand-image-500-500 trans wp-post-image\" alt=\"\"   \/> <\/a> <\/div>  <div class=\"content_box_outer trans\"> <div class=\"content_box_in\"> <div class=\"title_22 trans\"><a href=\"https:\/\/ror-rks.net\/sq\/portfolio\/education-for-all\/\" class=\"mt_0 mb_5 trim-3\">Edukimi p\u00ebr t\u00eb t\u00ebr\u00eb<\/a><\/div>         <p class=\"mb_0\">\n            <a href=\"https:\/\/ror-rks.net\/sq\/portfolio_category\/education\/\">Edukimi<\/a>        <\/p>\n         <a href=\"https:\/\/ror-rks.net\/sq\/portfolio\/education-for-all\/\" class=\"p_rd_more\"><i class=\"risehand-chevrons-right\"><\/i><\/a> <\/div> <\/div> <\/div>\n                                    <\/div>\r\n                                                                                                                                                                                                                                                                                                                                                                                                                                                                                                                                            <\/div>\r\n            \r\n        <\/div>\r\n    <\/section>\r\n\r\n\t\t\t\t<\/div>\n\t\t\t\t<\/div>\n\t\t\t\t\t<\/div>\n\t\t<\/div>\n\t\t\t\t\t<\/div>\n\t\t<\/section>\n\t\t\t\t<\/div>","protected":false},"excerpt":{"rendered":"<p>Show All Clean Warter Donate Education Kids Care Pets Care Refugee Save Soil Nature\u2019s Fury Clean Water Food for All Donate Medical Treatment Donate Friends for Lifetime Education Education for [&hellip;]<\/p>\n","protected":false},"author":1,"featured_media":0,"parent":0,"menu_order":0,"comment_status":"closed","ping_status":"closed","template":"template-fullwidth.php","meta":{"give_campaign_id":0,"_themeisle_gutenberg_block_has_review":false,"footnotes":""},"class_list":["post-3030","page","type-page","status-publish","hentry"],"campaignId":"","_links":{"self":[{"href":"https:\/\/ror-rks.net\/sq\/wp-json\/wp\/v2\/pages\/3030","targetHints":{"allow":["GET"]}}],"collection":[{"href":"https:\/\/ror-rks.net\/sq\/wp-json\/wp\/v2\/pages"}],"about":[{"href":"https:\/\/ror-rks.net\/sq\/wp-json\/wp\/v2\/types\/page"}],"author":[{"embeddable":true,"href":"https:\/\/ror-rks.net\/sq\/wp-json\/wp\/v2\/users\/1"}],"replies":[{"embeddable":true,"href":"https:\/\/ror-rks.net\/sq\/wp-json\/wp\/v2\/comments?post=3030"}],"version-history":[{"count":1,"href":"https:\/\/ror-rks.net\/sq\/wp-json\/wp\/v2\/pages\/3030\/revisions"}],"predecessor-version":[{"id":5872,"href":"https:\/\/ror-rks.net\/sq\/wp-json\/wp\/v2\/pages\/3030\/revisions\/5872"}],"wp:attachment":[{"href":"https:\/\/ror-rks.net\/sq\/wp-json\/wp\/v2\/media?parent=3030"}],"curies":[{"name":"wp","href":"https:\/\/api.w.org\/{rel}","templated":true}]}}