{"id":2978,"date":"2024-01-19T07:14:18","date_gmt":"2024-01-19T07:14:18","guid":{"rendered":"https:\/\/themepanthers.com\/wp\/risehand\/el\/?page_id=2978"},"modified":"2024-04-12T13:49:31","modified_gmt":"2024-04-12T13:49:31","slug":"service-style-4","status":"publish","type":"page","link":"https:\/\/ror-rks.net\/sq\/service-style-4\/","title":{"rendered":"Service Style 4"},"content":{"rendered":"<div data-elementor-type=\"wp-page\" data-elementor-id=\"2978\" class=\"elementor elementor-2978\" data-elementor-post-type=\"page\">\n\t\t\t\t\t\t<section class=\"elementor-section elementor-top-section elementor-element elementor-element-6bf7696 elementor-section-boxed elementor-section-height-default elementor-section-height-default\" data-id=\"6bf7696\" data-element_type=\"section\" data-e-type=\"section\">\n\t\t\t\t\t\t<div class=\"elementor-container elementor-column-gap-default\">\n\t\t\t\t\t<div class=\"elementor-column elementor-col-100 elementor-top-column elementor-element elementor-element-10b019d\" data-id=\"10b019d\" data-element_type=\"column\" data-e-type=\"column\">\n\t\t\t<div class=\"elementor-widget-wrap elementor-element-populated\">\n\t\t\t\t\t\t<div class=\"elementor-element elementor-element-c43f217 elementor-widget elementor-widget-risehand-service-post-v1\" data-id=\"c43f217\" data-element_type=\"widget\" data-e-type=\"widget\" data-widget_type=\"risehand-service-post-v1.default\">\n\t\t\t\t<div class=\"elementor-widget-container\">\n\t\t\t\t\t \n<section class=\"service_post_section\">\n    <div class=\"row\">\n                                                <div class=\"col-xl-4 col-lg-4 col-md-6 col-sm-6\">\n            <div class=\"service-style_3 mb_40 no_images\">  <div class=\"content_box_outer\"> <div class=\"content_box_in\"> <div class=\"title_22 trans\"><a href=\"https:\/\/ror-rks.net\/sq\/service\/activities\/\" class=\"mb_0 trim-3\">Aktivitete<\/a><\/div>  <p class=\"mt_15 mb_5 des_cription\">Nj\u00eb akt vullnetar i nj\u00eb individi ose grupi q\u00eb jep lirisht koh\u00eb dhe pun\u00eb,<\/p>  <\/div> <\/div><\/div>\n            <\/div>\n                                                        <div class=\"col-xl-4 col-lg-4 col-md-6 col-sm-6\">\n            <div class=\"service-style_3 mb_40 no_images\">  <div class=\"content_box_outer\"> <div class=\"content_box_in\"> <div class=\"title_22 trans\"><a href=\"https:\/\/ror-rks.net\/sq\/service\/children-monitor\/\" class=\"mb_0 trim-3\">F\u00ebmij\u00ebt monitorojn\u00eb<\/a><\/div>  <p class=\"mt_15 mb_5 des_cription\">Projekti i lejon f\u00ebmij\u00ebt t\u00eb monitorojn\u00eb se sa mir\u00eb t\u00eb rriturit po ndjekin rregullat p\u00ebr t\u00eb drejtat e f\u00ebmij\u00ebve n\u00eb mbar\u00eb bot\u00ebn.<\/p>  <\/div> <\/div><\/div>\n            <\/div>\n                                                        <div class=\"col-xl-4 col-lg-4 col-md-6 col-sm-6\">\n            <div class=\"service-style_3 mb_40 no_images\">  <div class=\"content_box_outer\"> <div class=\"content_box_in\"> <div class=\"title_22 trans\"><a href=\"https:\/\/ror-rks.net\/sq\/service\/research\/\" class=\"mb_0 trim-3\">Hulumtimi<\/a><\/div>  <p class=\"mt_15 mb_5 des_cription\">Syri i Vizionit, along with Save the Children, has selected 24 children at the Kosovo level, who will be trained&hellip;<\/p>  <\/div> <\/div><\/div>\n            <\/div>\n                                                        <div class=\"col-xl-4 col-lg-4 col-md-6 col-sm-6\">\n            <div class=\"service-style_3 mb_40 no_images\">  <div class=\"content_box_outer\"> <div class=\"content_box_in\"> <div class=\"title_22 trans\"><a href=\"https:\/\/ror-rks.net\/sq\/service\/project\/\" class=\"mb_0 trim-3\">Projekti<\/a><\/div>  <p class=\"mt_15 mb_5 des_cription\">The project is developed by providing monitoring of the International Convention on the Rights of Children in the entire territory&hellip;<\/p>  <\/div> <\/div><\/div>\n            <\/div>\n                                                        <div class=\"col-xl-4 col-lg-4 col-md-6 col-sm-6\">\n            <div class=\"service-style_3 mb_40 no_images\">  <div class=\"content_box_outer\"> <div class=\"content_box_in\"> <div class=\"title_22 trans\"><a href=\"https:\/\/ror-rks.net\/sq\/service\/institutions\/\" class=\"mb_0 trim-3\">Institucionet<\/a><\/div>  <p class=\"mt_15 mb_5 des_cription\">Projekti i lejon f\u00ebmij\u00ebt t\u00eb monitorojn\u00eb se sa mir\u00eb t\u00eb rriturit po ndjekin rregullat p\u00ebr t\u00eb drejtat e f\u00ebmij\u00ebve n\u00eb mbar\u00eb bot\u00ebn.<\/p>  <\/div> <\/div><\/div>\n            <\/div>\n                                                        <div class=\"col-xl-4 col-lg-4 col-md-6 col-sm-6\">\n            <div class=\"service-style_3 mb_40 no_images\">  <div class=\"content_box_outer\"> <div class=\"content_box_in\"> <div class=\"title_22 trans\"><a href=\"https:\/\/ror-rks.net\/sq\/service\/condition\/\" class=\"mb_0 trim-3\">Gjendja<\/a><\/div>  <p class=\"mt_15 mb_5 des_cription\">All children&#039;s rights that are guaranteed by the international convention will be addressed by the project.<\/p>  <\/div> <\/div><\/div>\n            <\/div>\n                                    <\/div>\n        <div class=\"row\">\n        <div class=\"col-lg-12\">\n            <div class=\"pagination\">\n                <ul class='page-numbers'>\n\t<li><span aria-label=\"Faqe 1\" aria-current=\"page\" class=\"page-numbers current\" data-no-translation-aria-label=\"\">1<\/span><\/li>\n\t<li><a aria-label=\"Faqe 2\" class=\"page-numbers\" href=\"https:\/\/ror-rks.net\/sq\/wp-json\/wp\/v2\/pages\/2978\/page\/2\/\" data-no-translation-aria-label=\"\">2<\/a><\/li>\n\t<li><a class=\"next page-numbers\" href=\"https:\/\/ror-rks.net\/sq\/wp-json\/wp\/v2\/pages\/2978\/page\/2\/\"><i class=\"fa fa-angle-right\"><\/i><\/a><\/li>\n<\/ul>\n            <\/div>\n        <\/div>\n    <\/div>\n    <\/section>\n\n\t\t\t\t<\/div>\n\t\t\t\t<\/div>\n\t\t\t\t\t<\/div>\n\t\t<\/div>\n\t\t\t\t\t<\/div>\n\t\t<\/section>\n\t\t\t\t<\/div>","protected":false},"excerpt":{"rendered":"<p>Donation for Healthly Food to Childrens The best charities that fight child hunger in terms of overall impact are Unicef and&hellip; Donation for Educations to the Children Over the years [&hellip;]<\/p>\n","protected":false},"author":1,"featured_media":0,"parent":0,"menu_order":0,"comment_status":"closed","ping_status":"closed","template":"template-fullwidth.php","meta":{"give_campaign_id":0,"_themeisle_gutenberg_block_has_review":false,"footnotes":""},"class_list":["post-2978","page","type-page","status-publish","hentry"],"campaignId":"","_links":{"self":[{"href":"https:\/\/ror-rks.net\/sq\/wp-json\/wp\/v2\/pages\/2978","targetHints":{"allow":["GET"]}}],"collection":[{"href":"https:\/\/ror-rks.net\/sq\/wp-json\/wp\/v2\/pages"}],"about":[{"href":"https:\/\/ror-rks.net\/sq\/wp-json\/wp\/v2\/types\/page"}],"author":[{"embeddable":true,"href":"https:\/\/ror-rks.net\/sq\/wp-json\/wp\/v2\/users\/1"}],"replies":[{"embeddable":true,"href":"https:\/\/ror-rks.net\/sq\/wp-json\/wp\/v2\/comments?post=2978"}],"version-history":[{"count":1,"href":"https:\/\/ror-rks.net\/sq\/wp-json\/wp\/v2\/pages\/2978\/revisions"}],"predecessor-version":[{"id":5867,"href":"https:\/\/ror-rks.net\/sq\/wp-json\/wp\/v2\/pages\/2978\/revisions\/5867"}],"wp:attachment":[{"href":"https:\/\/ror-rks.net\/sq\/wp-json\/wp\/v2\/media?parent=2978"}],"curies":[{"name":"wp","href":"https:\/\/api.w.org\/{rel}","templated":true}]}}