{"id":2977,"date":"2024-01-19T07:14:18","date_gmt":"2024-01-19T07:14:18","guid":{"rendered":"https:\/\/themepanthers.com\/wp\/risehand\/el\/?page_id=2977"},"modified":"2024-04-12T13:49:31","modified_gmt":"2024-04-12T13:49:31","slug":"service-style-3","status":"publish","type":"page","link":"https:\/\/ror-rks.net\/sq\/service-style-3\/","title":{"rendered":"Service Style 3"},"content":{"rendered":"<div data-elementor-type=\"wp-page\" data-elementor-id=\"2977\" class=\"elementor elementor-2977\" data-elementor-post-type=\"page\">\n\t\t\t\t\t\t<section class=\"elementor-section elementor-top-section elementor-element elementor-element-ce064e6 elementor-section-boxed elementor-section-height-default elementor-section-height-default\" data-id=\"ce064e6\" data-element_type=\"section\" data-e-type=\"section\">\n\t\t\t\t\t\t<div class=\"elementor-container elementor-column-gap-default\">\n\t\t\t\t\t<div class=\"elementor-column elementor-col-100 elementor-top-column elementor-element elementor-element-ece8a45\" data-id=\"ece8a45\" data-element_type=\"column\" data-e-type=\"column\">\n\t\t\t<div class=\"elementor-widget-wrap elementor-element-populated\">\n\t\t\t\t\t\t<div class=\"elementor-element elementor-element-805b354 elementor-widget elementor-widget-risehand-service-post-v1\" data-id=\"805b354\" data-element_type=\"widget\" data-e-type=\"widget\" data-widget_type=\"risehand-service-post-v1.default\">\n\t\t\t\t<div class=\"elementor-widget-container\">\n\t\t\t\t\t \n<section class=\"service_post_section\">\n    <div class=\"row\">\n                                                <div class=\"col-xl-6 col-lg-6 col-md-6 col-sm-6\"><div class=\"service-style_2 with_img trans mb_40 no_images\">  <div class=\"content_box_outer d_flex align-items-center\">   <div class=\"icon trans\"> <div class=\"spattern_bg mask_image\" style=\"mask-image: url(https:\/\/ror-rks.net\/wp-content\/plugins\/risehand-addons\/assets\/image\/slider-2\/mask-1.png); -webkit-mask-image: url(https:\/\/ror-rks.net\/wp-content\/plugins\/risehand-addons\/assets\/image\/slider-2\/mask-1.png);\"> <\/div> <i class=\"risehand-009-volunteer trans\"><\/i> <\/div>   <div class=\"content_box_in\"> <div class=\"title_22 trans\"><a href=\"https:\/\/ror-rks.net\/sq\/service\/activities\/\" class=\"trim-3\">Aktivitete<\/a><\/div>  <p class=\"mb_15 des_cription\">Nj\u00eb akt vullnetar i nj\u00eb individi ose grupi q\u00eb jep lirisht koh\u00eb dhe pun\u00eb,<\/p>  <div> <a class=\"text_btn trans\" href=\"https:\/\/ror-rks.net\/sq\/service\/activities\/\"> <small>Read more<\/small> <\/a> <\/div> <\/div> <\/div><\/div>\n    <\/div>\n                                                        <div class=\"col-xl-6 col-lg-6 col-md-6 col-sm-6\"><div class=\"service-style_2 with_img trans mb_40 no_images\">  <div class=\"content_box_outer d_flex align-items-center\">   <div class=\"icon trans\"> <div class=\"spattern_bg mask_image\" style=\"mask-image: url(https:\/\/ror-rks.net\/wp-content\/plugins\/risehand-addons\/assets\/image\/slider-2\/mask-1.png); -webkit-mask-image: url(https:\/\/ror-rks.net\/wp-content\/plugins\/risehand-addons\/assets\/image\/slider-2\/mask-1.png);\"> <\/div> <i class=\"risehand-charity trans\"><\/i> <\/div>   <div class=\"content_box_in\"> <div class=\"title_22 trans\"><a href=\"https:\/\/ror-rks.net\/sq\/service\/children-monitor\/\" class=\"trim-3\">F\u00ebmij\u00ebt monitorojn\u00eb<\/a><\/div>  <p class=\"mb_15 des_cription\">Projekti i lejon f\u00ebmij\u00ebt t\u00eb monitorojn\u00eb se sa mir\u00eb t\u00eb rriturit po ndjekin rregullat p\u00ebr t\u00eb drejtat e f\u00ebmij\u00ebve n\u00eb mbar\u00eb bot\u00ebn.<\/p>  <div> <a class=\"text_btn trans\" href=\"https:\/\/ror-rks.net\/sq\/service\/children-monitor\/\"> <small>Read more<\/small> <\/a> <\/div> <\/div> <\/div><\/div>\n    <\/div>\n                                                        <div class=\"col-xl-6 col-lg-6 col-md-6 col-sm-6\"><div class=\"service-style_2 with_img trans mb_40 no_images\">  <div class=\"content_box_outer d_flex align-items-center\">   <div class=\"icon trans\"> <div class=\"spattern_bg mask_image\" style=\"mask-image: url(https:\/\/ror-rks.net\/wp-content\/plugins\/risehand-addons\/assets\/image\/slider-2\/mask-1.png); -webkit-mask-image: url(https:\/\/ror-rks.net\/wp-content\/plugins\/risehand-addons\/assets\/image\/slider-2\/mask-1.png);\"> <\/div> <i class=\"risehand-017-task trans\"><\/i> <\/div>   <div class=\"content_box_in\"> <div class=\"title_22 trans\"><a href=\"https:\/\/ror-rks.net\/sq\/service\/research\/\" class=\"trim-3\">Hulumtimi<\/a><\/div>  <p class=\"mb_15 des_cription\">Syri i Vizionit, along with Save the Children, has selected 24 children at the Kosovo level, who will be trained&hellip;<\/p>  <div> <a class=\"text_btn trans\" href=\"https:\/\/ror-rks.net\/sq\/service\/research\/\"> <small>Read more<\/small> <\/a> <\/div> <\/div> <\/div><\/div>\n    <\/div>\n                                                        <div class=\"col-xl-6 col-lg-6 col-md-6 col-sm-6\"><div class=\"service-style_2 with_img trans mb_40 no_images\">  <div class=\"content_box_outer d_flex align-items-center\">   <div class=\"icon trans\"> <div class=\"spattern_bg mask_image\" style=\"mask-image: url(https:\/\/ror-rks.net\/wp-content\/plugins\/risehand-addons\/assets\/image\/slider-2\/mask-1.png); -webkit-mask-image: url(https:\/\/ror-rks.net\/wp-content\/plugins\/risehand-addons\/assets\/image\/slider-2\/mask-1.png);\"> <\/div> <i class=\"risehand-projector-screen trans\"><\/i> <\/div>   <div class=\"content_box_in\"> <div class=\"title_22 trans\"><a href=\"https:\/\/ror-rks.net\/sq\/service\/project\/\" class=\"trim-3\">Projekti<\/a><\/div>  <p class=\"mb_15 des_cription\">The project is developed by providing monitoring of the International Convention on the Rights of Children in the entire territory&hellip;<\/p>  <div> <a class=\"text_btn trans\" href=\"https:\/\/ror-rks.net\/sq\/service\/project\/\"> <small>Read more<\/small> <\/a> <\/div> <\/div> <\/div><\/div>\n    <\/div>\n                                                        <div class=\"col-xl-6 col-lg-6 col-md-6 col-sm-6\"><div class=\"service-style_2 with_img trans mb_40 no_images\">  <div class=\"content_box_outer d_flex align-items-center\">   <div class=\"icon trans\"> <div class=\"spattern_bg mask_image\" style=\"mask-image: url(https:\/\/ror-rks.net\/wp-content\/plugins\/risehand-addons\/assets\/image\/slider-2\/mask-1.png); -webkit-mask-image: url(https:\/\/ror-rks.net\/wp-content\/plugins\/risehand-addons\/assets\/image\/slider-2\/mask-1.png);\"> <\/div> <i class=\"risehand-social-security trans\"><\/i> <\/div>   <div class=\"content_box_in\"> <div class=\"title_22 trans\"><a href=\"https:\/\/ror-rks.net\/sq\/service\/institutions\/\" class=\"trim-3\">Institucionet<\/a><\/div>  <p class=\"mb_15 des_cription\">Projekti i lejon f\u00ebmij\u00ebt t\u00eb monitorojn\u00eb se sa mir\u00eb t\u00eb rriturit po ndjekin rregullat p\u00ebr t\u00eb drejtat e f\u00ebmij\u00ebve n\u00eb mbar\u00eb bot\u00ebn.<\/p>  <div> <a class=\"text_btn trans\" href=\"https:\/\/ror-rks.net\/sq\/service\/institutions\/\"> <small>Read more<\/small> <\/a> <\/div> <\/div> <\/div><\/div>\n    <\/div>\n                                                        <div class=\"col-xl-6 col-lg-6 col-md-6 col-sm-6\"><div class=\"service-style_2 with_img trans mb_40 no_images\">  <div class=\"content_box_outer d_flex align-items-center\">   <div class=\"icon trans\"> <div class=\"spattern_bg mask_image\" style=\"mask-image: url(https:\/\/ror-rks.net\/wp-content\/plugins\/risehand-addons\/assets\/image\/slider-2\/mask-1.png); -webkit-mask-image: url(https:\/\/ror-rks.net\/wp-content\/plugins\/risehand-addons\/assets\/image\/slider-2\/mask-1.png);\"> <\/div> <i class=\"risehand-subsidy trans\"><\/i> <\/div>   <div class=\"content_box_in\"> <div class=\"title_22 trans\"><a href=\"https:\/\/ror-rks.net\/sq\/service\/condition\/\" class=\"trim-3\">Gjendja<\/a><\/div>  <p class=\"mb_15 des_cription\">All children&#039;s rights that are guaranteed by the international convention will be addressed by the project.<\/p>  <div> <a class=\"text_btn trans\" href=\"https:\/\/ror-rks.net\/sq\/service\/condition\/\"> <small>Read more<\/small> <\/a> <\/div> <\/div> <\/div><\/div>\n    <\/div>\n                                    <\/div>\n        <div class=\"row\">\n        <div class=\"col-lg-12\">\n            <div class=\"pagination\">\n                <ul class='page-numbers'>\n\t<li><span aria-label=\"Faqe 1\" aria-current=\"page\" class=\"page-numbers current\" data-no-translation-aria-label=\"\">1<\/span><\/li>\n\t<li><a aria-label=\"Faqe 2\" class=\"page-numbers\" href=\"https:\/\/ror-rks.net\/sq\/wp-json\/wp\/v2\/pages\/2977\/page\/2\/\" data-no-translation-aria-label=\"\">2<\/a><\/li>\n\t<li><a class=\"next page-numbers\" href=\"https:\/\/ror-rks.net\/sq\/wp-json\/wp\/v2\/pages\/2977\/page\/2\/\"><i class=\"fa fa-angle-right\"><\/i><\/a><\/li>\n<\/ul>\n            <\/div>\n        <\/div>\n    <\/div>\n    <\/section>\n\n\t\t\t\t<\/div>\n\t\t\t\t<\/div>\n\t\t\t\t\t<\/div>\n\t\t<\/div>\n\t\t\t\t\t<\/div>\n\t\t<\/section>\n\t\t\t\t<\/div>","protected":false},"excerpt":{"rendered":"<p>Donation for Healthly Food to Childrens The best charities that fight child hunger in terms of overall impact are Unicef and&hellip; Read more Donation for Educations to the Children Over [&hellip;]<\/p>\n","protected":false},"author":1,"featured_media":0,"parent":0,"menu_order":0,"comment_status":"closed","ping_status":"closed","template":"template-fullwidth.php","meta":{"give_campaign_id":0,"_themeisle_gutenberg_block_has_review":false,"footnotes":""},"class_list":["post-2977","page","type-page","status-publish","hentry"],"campaignId":"","_links":{"self":[{"href":"https:\/\/ror-rks.net\/sq\/wp-json\/wp\/v2\/pages\/2977","targetHints":{"allow":["GET"]}}],"collection":[{"href":"https:\/\/ror-rks.net\/sq\/wp-json\/wp\/v2\/pages"}],"about":[{"href":"https:\/\/ror-rks.net\/sq\/wp-json\/wp\/v2\/types\/page"}],"author":[{"embeddable":true,"href":"https:\/\/ror-rks.net\/sq\/wp-json\/wp\/v2\/users\/1"}],"replies":[{"embeddable":true,"href":"https:\/\/ror-rks.net\/sq\/wp-json\/wp\/v2\/comments?post=2977"}],"version-history":[{"count":1,"href":"https:\/\/ror-rks.net\/sq\/wp-json\/wp\/v2\/pages\/2977\/revisions"}],"predecessor-version":[{"id":5866,"href":"https:\/\/ror-rks.net\/sq\/wp-json\/wp\/v2\/pages\/2977\/revisions\/5866"}],"wp:attachment":[{"href":"https:\/\/ror-rks.net\/sq\/wp-json\/wp\/v2\/media?parent=2977"}],"curies":[{"name":"wp","href":"https:\/\/api.w.org\/{rel}","templated":true}]}}