{"id":2971,"date":"2024-01-19T07:14:18","date_gmt":"2024-01-19T07:14:18","guid":{"rendered":"https:\/\/themepanthers.com\/wp\/risehand\/el\/?page_id=2971"},"modified":"2024-04-26T07:46:20","modified_gmt":"2024-04-26T07:46:20","slug":"faq","status":"publish","type":"page","link":"https:\/\/ror-rks.net\/sq\/faq\/","title":{"rendered":"PESH"},"content":{"rendered":"<div data-elementor-type=\"wp-page\" data-elementor-id=\"2971\" class=\"elementor elementor-2971\" data-elementor-post-type=\"page\">\n\t\t\t\t\t\t<section class=\"elementor-section elementor-top-section elementor-element elementor-element-c91034f elementor-section-content-middle elementor-section-boxed elementor-section-height-default elementor-section-height-default\" data-id=\"c91034f\" data-element_type=\"section\" data-e-type=\"section\">\n\t\t\t\t\t\t<div class=\"elementor-container elementor-column-gap-extended\">\n\t\t\t\t\t<div class=\"elementor-column elementor-col-100 elementor-top-column elementor-element elementor-element-ae8c494\" data-id=\"ae8c494\" data-element_type=\"column\" data-e-type=\"column\">\n\t\t\t<div class=\"elementor-widget-wrap elementor-element-populated\">\n\t\t\t\t\t\t<div class=\"elementor-element elementor-element-4c6cae9 elementor-widget elementor-widget-spacer\" data-id=\"4c6cae9\" data-element_type=\"widget\" data-e-type=\"widget\" data-widget_type=\"spacer.default\">\n\t\t\t\t<div class=\"elementor-widget-container\">\n\t\t\t\t\t\t\t<div class=\"elementor-spacer\">\n\t\t\t<div class=\"elementor-spacer-inner\"><\/div>\n\t\t<\/div>\n\t\t\t\t\t\t<\/div>\n\t\t\t\t<\/div>\n\t\t\t\t<div class=\"elementor-element elementor-element-d8601b7 elementor-widget elementor-widget-risehand-title-v1\" data-id=\"d8601b7\" data-element_type=\"widget\" data-e-type=\"widget\" data-widget_type=\"risehand-title-v1.default\">\n\t\t\t\t<div class=\"elementor-widget-container\">\n\t\t\t\t\t \r\n<div class=\"title_all_box style_one dark_color\">\r\n                        <div class=\"before_title pb_15 d_flex align-items-center\">\r\n                                    <div class=\"icon_box\">\r\n                                                                            <div class=\"icon\">\r\n                                <span class=\"risehand-question-alt\"><\/span>\r\n                            <\/div>\r\n                                                                    <\/div>\r\n                                <div class=\"sub_title font_special\">\r\n                    Pyetjet m\u00eb t\u00eb shpeshta                <\/div>\r\n            <\/div>\r\n                            <h2 class=\"title_no_a_46  mb_0 pb_20\">\r\n                \nKeni ndonj\u00eb pyetje <br>\nn\u00eb mendjen tuaj!            <\/h2>\r\n                            <p class=\"desc_p\">\r\n                K\u00ebtu jan\u00eb disa nga pyetjet e zakonshme q\u00eb na jan\u00eb b\u00ebr\u00eb            <\/p>\r\n            <\/div>\r\n\r\n\t\t\t\t<\/div>\n\t\t\t\t<\/div>\n\t\t\t\t<div class=\"elementor-element elementor-element-a2cdffa animated-slow elementor-widget elementor-widget-risehand-faqs-v1\" data-id=\"a2cdffa\" data-element_type=\"widget\" data-e-type=\"widget\" data-settings=\"{&quot;_animation&quot;:&quot;none&quot;,&quot;_animation_delay&quot;:100}\" data-widget_type=\"risehand-faqs-v1.default\">\n\t\t\t\t<div class=\"elementor-widget-container\">\n\t\t\t\t\t \r\n<section class=\"block_faq type_one\"> <div class=\"accordion-box\"> <div class=\"accordion trans active-block\"><div class=\"question faq_header active\"><div class=\"question_box trans align-items-center d_flex\"><div class=\"title_no_a_22 trans\">\u00c7far\u00eb \u00ebsht\u00eb grupi ROR (p\u00ebr f\u00ebmij\u00ebt) dhe \u00e7far\u00eb synon t\u00eb arrij\u00eb?<\/div><div class=\"icon\"><span class=\"risehand-chevron-right icon_fq\"><\/span><\/div><\/div> <\/div><div class=\"answer accordion-content  current\">ROR  \u00ebsht\u00eb nj\u00eb organizat\u00eb jofitimprur\u00ebse e dedikuar p\u00ebr promovimin dhe mbrojtjen e t\u00eb drejtave t\u00eb f\u00ebmij\u00ebve n\u00eb mbar\u00eb bot\u00ebn. Misioni yn\u00eb \u00ebsht\u00eb t\u00eb sigurojm\u00eb q\u00eb \u00e7do f\u00ebmij\u00eb t\u00eb trajtohet me dinjitet, respekt dhe drejt\u00ebsi, pavar\u00ebsisht nga prejardhja ose rrethanat e tyre.<\/div><\/div><div class=\"accordion trans\"><div class=\"question faq_header\"><div class=\"question_box trans align-items-center d_flex\"><div class=\"title_no_a_22 trans\">Si mund t\u00eb p\u00ebrfshihem me ROR?<\/div><div class=\"icon\"><span class=\"risehand-chevron-right icon_fq\"><\/span><\/div><\/div> <\/div><div class=\"answer accordion-content\">Ka disa m\u00ebnyra p\u00ebr t'u p\u00ebrfshir\u00eb n\u00eb ROR! Ju mund t\u00eb dhuroni koh\u00ebn tuaj vullnetare ose t\u00eb merrni pjes\u00eb n\u00eb fushatat tona t\u00eb avokimit. Vizitoni faqen ton\u00eb \" Vullnetar\u00ebt\" p\u00ebr t\u00eb m\u00ebsuar m\u00eb shum\u00eb se si mund t\u00eb b\u00ebni nj\u00eb ndryshim.<\/div><\/div><div class=\"accordion trans\"><div class=\"question faq_header\"><div class=\"question_box trans align-items-center d_flex\"><div class=\"title_no_a_22 trans\">P\u00ebr cilat t\u00eb drejta t\u00eb ve\u00e7anta mbroni?<\/div><div class=\"icon\"><span class=\"risehand-chevron-right icon_fq\"><\/span><\/div><\/div> <\/div><div class=\"answer accordion-content\">Ne mbrojm\u00eb spektrin e plot\u00eb t\u00eb t\u00eb drejtave t\u00eb f\u00ebmij\u00ebve, si\u00e7 p\u00ebrshkruhet n\u00eb Konvent\u00ebn e Kombeve t\u00eb Bashkuara p\u00ebr t\u00eb Drejtat e F\u00ebmij\u00ebs (UNCRC). Kjo p\u00ebrfshin, por nuk kufizohet n\u00eb t\u00eb drejt\u00ebn p\u00ebr arsimim, kujdes sh\u00ebndet\u00ebsor, mbrojtje nga abuzimi dhe shfryt\u00ebzimi, dhe t\u00eb drejt\u00ebn p\u00ebr t\u00eb marr\u00eb pjes\u00eb n\u00eb vendimet q\u00eb i prekin ata.<\/div><\/div><div class=\"accordion trans\"><div class=\"question faq_header\"><div class=\"question_box trans align-items-center d_flex\"><div class=\"title_no_a_22 trans\">Si siguron ROR llogaridh\u00ebnie dhe transparenc\u00eb?<\/div><div class=\"icon\"><span class=\"risehand-chevron-right icon_fq\"><\/span><\/div><\/div> <\/div><div class=\"answer accordion-content\">P\u00ebrgjegj\u00ebsia dhe transparenca jan\u00eb vlerat thelb\u00ebsore t\u00eb ROR. Ne publikojm\u00eb rregullisht raporte mbi aktivitetet dhe financat tona, i n\u00ebnshtrohen auditimeve t\u00eb pavarura dhe angazhohemi me pal\u00ebt e interesuara p\u00ebr t'u siguruar q\u00eb mbetemi p\u00ebrgjegj\u00ebs ndaj komuniteteve t\u00eb cilave u sh\u00ebrbejm\u00eb.<\/div><\/div><div class=\"accordion trans\"><div class=\"question faq_header\"><div class=\"question_box trans align-items-center d_flex\"><div class=\"title_no_a_22 trans\">\u00c7far\u00eb ndikimi ka pasur ROR tona deri m\u00eb tani?<\/div><div class=\"icon\"><span class=\"risehand-chevron-right icon_fq\"><\/span><\/div><\/div> <\/div><div class=\"answer accordion-content\">Q\u00eb nga fillimi yn\u00eb, ROR ka b\u00ebr\u00eb hapa t\u00eb r\u00ebnd\u00ebsish\u00ebm n\u00eb avancimin e t\u00eb drejtave t\u00eb f\u00ebmij\u00ebve . Ne kemi mbrojtur me sukses ndryshimet e politikave, kemi ofruar mb\u00ebshtetje p\u00ebr komunitetet e margjinalizuara dhe kemi fuqizuar f\u00ebmij\u00ebt t\u00eb k\u00ebrkojn\u00eb t\u00eb drejtat e tyre. Ndikimi yn\u00eb vazhdon t\u00eb rritet nd\u00ebrsa bashk\u00ebpunojm\u00eb me partner\u00eb dhe mb\u00ebshtet\u00ebs n\u00eb mbar\u00eb bot\u00ebn.<\/div><\/div> <\/div><\/section>\r\n\r\n\t\t\t\t<\/div>\n\t\t\t\t<\/div>\n\t\t\t\t<div class=\"elementor-element elementor-element-92208fd elementor-widget elementor-widget-spacer\" data-id=\"92208fd\" data-element_type=\"widget\" data-e-type=\"widget\" data-widget_type=\"spacer.default\">\n\t\t\t\t<div class=\"elementor-widget-container\">\n\t\t\t\t\t\t\t<div class=\"elementor-spacer\">\n\t\t\t<div class=\"elementor-spacer-inner\"><\/div>\n\t\t<\/div>\n\t\t\t\t\t\t<\/div>\n\t\t\t\t<\/div>\n\t\t\t\t\t<\/div>\n\t\t<\/div>\n\t\t\t\t\t<\/div>\n\t\t<\/section>\n\t\t\t\t<\/div>","protected":false},"excerpt":{"rendered":"<p>Frequently Asked Questions Have Any Questions on Your Minds ! Here are some of the common question we have been asked What is Respect our Rights (for children) and what [&hellip;]<\/p>\n","protected":false},"author":1,"featured_media":0,"parent":0,"menu_order":0,"comment_status":"closed","ping_status":"closed","template":"template-fullwidth.php","meta":{"give_campaign_id":0,"_themeisle_gutenberg_block_has_review":false,"footnotes":""},"class_list":["post-2971","page","type-page","status-publish","hentry"],"campaignId":"","_links":{"self":[{"href":"https:\/\/ror-rks.net\/sq\/wp-json\/wp\/v2\/pages\/2971","targetHints":{"allow":["GET"]}}],"collection":[{"href":"https:\/\/ror-rks.net\/sq\/wp-json\/wp\/v2\/pages"}],"about":[{"href":"https:\/\/ror-rks.net\/sq\/wp-json\/wp\/v2\/types\/page"}],"author":[{"embeddable":true,"href":"https:\/\/ror-rks.net\/sq\/wp-json\/wp\/v2\/users\/1"}],"replies":[{"embeddable":true,"href":"https:\/\/ror-rks.net\/sq\/wp-json\/wp\/v2\/comments?post=2971"}],"version-history":[{"count":86,"href":"https:\/\/ror-rks.net\/sq\/wp-json\/wp\/v2\/pages\/2971\/revisions"}],"predecessor-version":[{"id":7690,"href":"https:\/\/ror-rks.net\/sq\/wp-json\/wp\/v2\/pages\/2971\/revisions\/7690"}],"wp:attachment":[{"href":"https:\/\/ror-rks.net\/sq\/wp-json\/wp\/v2\/media?parent=2971"}],"curies":[{"name":"wp","href":"https:\/\/api.w.org\/{rel}","templated":true}]}}