{"id":2969,"date":"2024-01-19T07:14:18","date_gmt":"2024-01-19T07:14:18","guid":{"rendered":"https:\/\/themepanthers.com\/wp\/risehand\/el\/?page_id=2969"},"modified":"2024-05-21T07:28:44","modified_gmt":"2024-05-21T07:28:44","slug":"volunteer","status":"publish","type":"page","link":"https:\/\/ror-rks.net\/sq\/volunteer\/","title":{"rendered":"Vullnetar\u00eb"},"content":{"rendered":"<div data-elementor-type=\"wp-page\" data-elementor-id=\"2969\" class=\"elementor elementor-2969\" data-elementor-post-type=\"page\">\n\t\t\t\t\t\t<section class=\"elementor-section elementor-top-section elementor-element elementor-element-55e20af elementor-section-boxed elementor-section-height-default elementor-section-height-default\" data-id=\"55e20af\" data-element_type=\"section\" data-e-type=\"section\">\n\t\t\t\t\t\t<div class=\"elementor-container elementor-column-gap-default\">\n\t\t\t\t\t<div class=\"elementor-column elementor-col-100 elementor-top-column elementor-element elementor-element-645408f\" data-id=\"645408f\" data-element_type=\"column\" data-e-type=\"column\">\n\t\t\t<div class=\"elementor-widget-wrap elementor-element-populated\">\n\t\t\t\t\t\t<div class=\"elementor-element elementor-element-c93827f elementor-widget elementor-widget-risehand-title-v1\" data-id=\"c93827f\" data-element_type=\"widget\" data-e-type=\"widget\" data-widget_type=\"risehand-title-v1.default\">\n\t\t\t\t<div class=\"elementor-widget-container\">\n\t\t\t\t\t \r\n<div class=\"title_all_box style_one dark_color\">\r\n                        <div class=\"before_title pb_15 d_flex align-items-center\">\r\n                                    <div class=\"icon_box\">\r\n                                                                            <div class=\"icon\">\r\n                                <span class=\"risehand-002-healthcare\"><\/span>\r\n                            <\/div>\r\n                                                                    <\/div>\r\n                                <div class=\"sub_title font_special\">\r\n                    \nNjihuni me Vullnetar\u00ebt tan\u00eb                <\/div>\r\n            <\/div>\r\n                            <h2 class=\"title_no_a_46  mb_0 pb_20\">\r\n                \nNe kemi nj\u00eb ekip an\u00ebtar\u00ebsh\n            <\/h2>\r\n                    <\/div>\r\n\r\n\t\t\t\t<\/div>\n\t\t\t\t<\/div>\n\t\t\t\t<div class=\"elementor-element elementor-element-5e2e1be elementor-widget elementor-widget-risehand-volunteer-v1\" data-id=\"5e2e1be\" data-element_type=\"widget\" data-e-type=\"widget\" data-widget_type=\"risehand-volunteer-v1.default\">\n\t\t\t\t<div class=\"elementor-widget-container\">\n\t\t\t\t\t<section class=\"volunteer_post_section\"> <div class=\"row\">      <div class=\"col-xl-3 col-lg-4 col-md-6 col-sm-6\"> <div class=\"volunteer-style_1 mb_40 has_images\">  <div class=\"image-box trans img_obj_fit_center\"> <div class=\"spattern_bg trans mask_image\" style=\"mask-image: url(https:\/\/ror-rks.net\/wp-content\/plugins\/risehand-addons\/assets\/image\/team-shape-1.png); -webkit-mask-image: url(https:\/\/ror-rks.net\/wp-content\/plugins\/risehand-addons\/assets\/image\/team-shape-1.png);\"> <\/div> <a href=\"https:\/\/ror-rks.net\/sq\/volunteer\/vlera-dani\/\" class=\"img_link trans\"> <img fetchpriority=\"high\" decoding=\"async\" width=\"224\" height=\"338\" src=\"https:\/\/ror-rks.net\/wp-content\/uploads\/2023\/12\/Vlera.png\" class=\"attachment-risehand-image-370-270 trans size-risehand-image-370-270 trans wp-post-image\" alt=\"\"   \/> <\/a> <\/div>  <div class=\"content_box\"> <div class=\"title_22 trans\"><a href=\"https:\/\/ror-rks.net\/sq\/volunteer\/vlera-dani\/\" class=\"mt_0 mb_5 trim-3\">Vlera Dani<\/a><\/div>  <div class=\"font_special\">Vullnetar\u00eb<\/div>   <div class=\"social-icons trans\"> <ul>  <li class=\"trans\"><a href=\"https:\/\/www.facebook.com\" class=\"m_icon\"><i class=\"fa fa-facebook\"><\/i><\/a><\/li>   <li class=\"trans\"><a href=\"https:\/\/www.instagram.com\" class=\"m_icon\"><i class=\"fa fa-instagram\"><\/i><\/a><\/li>   <li class=\"trans\"><a href=\"https:\/\/twitter.com\" class=\"m_icon\"><i class=\"fa fa-twitter\"><\/i><\/a><\/li>   <li class=\"trans\"><a href=\"https:\/\/www.skype.com\" class=\"m_icon\"><i class=\"fa fa-skype\"><\/i><\/a><\/li>  <\/ul><\/div>\n <\/div><\/div>\n <\/div>     <\/div>  <\/section>\r\n\t\t\t\t<\/div>\n\t\t\t\t<\/div>\n\t\t\t\t<div class=\"elementor-element elementor-element-aa45acf elementor-widget elementor-widget-risehand-title-v1\" data-id=\"aa45acf\" data-element_type=\"widget\" data-e-type=\"widget\" data-widget_type=\"risehand-title-v1.default\">\n\t\t\t\t<div class=\"elementor-widget-container\">\n\t\t\t\t\t \r\n<div class=\"title_all_box style_one dark_color\">\r\n                        <div class=\"before_title pb_15 d_flex align-items-center\">\r\n                                    <div class=\"icon_box\">\r\n                                                                            <div class=\"icon\">\r\n                                <span class=\"risehand-puzzle-fill\"><\/span>\r\n                            <\/div>\r\n                                                                    <\/div>\r\n                                <div class=\"sub_title font_special\">\r\n                    \nNjihuni me Vullnetar\u00ebt tan\u00eb t\u00eb m\u00ebparsh\u00ebm                <\/div>\r\n            <\/div>\r\n                            <h2 class=\"title_no_a_46  mb_0 pb_20\">\r\n                \nK\u00ebtu jan\u00eb vullnetar\u00ebt q\u00eb kan\u00eb qen\u00eb pjes\u00eb e ROR            <\/h2>\r\n                    <\/div>\r\n\r\n\t\t\t\t<\/div>\n\t\t\t\t<\/div>\n\t\t\t\t<div class=\"elementor-element elementor-element-ff7eeaf elementor-widget elementor-widget-spacer\" data-id=\"ff7eeaf\" data-element_type=\"widget\" data-e-type=\"widget\" data-widget_type=\"spacer.default\">\n\t\t\t\t<div class=\"elementor-widget-container\">\n\t\t\t\t\t\t\t<div class=\"elementor-spacer\">\n\t\t\t<div class=\"elementor-spacer-inner\"><\/div>\n\t\t<\/div>\n\t\t\t\t\t\t<\/div>\n\t\t\t\t<\/div>\n\t\t\t\t<div class=\"elementor-element elementor-element-7fa9245 elementor-widget elementor-widget-risehand-volunteer-v1\" data-id=\"7fa9245\" data-element_type=\"widget\" data-e-type=\"widget\" data-widget_type=\"risehand-volunteer-v1.default\">\n\t\t\t\t<div class=\"elementor-widget-container\">\n\t\t\t\t\t<section class=\"volunteer_post_section\"> <div class=\"row\">      <div class=\"col-xl-3 col-lg-4 col-md-6 col-sm-6\"> <div class=\"volunteer-style_1 mb_40 has_images\">  <div class=\"image-box trans img_obj_fit_center\"> <div class=\"spattern_bg trans mask_image\" style=\"mask-image: url(https:\/\/ror-rks.net\/wp-content\/plugins\/risehand-addons\/assets\/image\/team-shape-1.png); -webkit-mask-image: url(https:\/\/ror-rks.net\/wp-content\/plugins\/risehand-addons\/assets\/image\/team-shape-1.png);\"> <\/div> <a href=\"https:\/\/ror-rks.net\/sq\/volunteer\/trina-hoti\/\" class=\"img_link trans\"> <img decoding=\"async\" width=\"558\" height=\"366\" src=\"https:\/\/ror-rks.net\/wp-content\/uploads\/2024\/05\/Trina-Hoti.jpg\" class=\"attachment-risehand-image-370-270 trans size-risehand-image-370-270 trans wp-post-image\" alt=\"\"   \/> <\/a> <\/div>  <div class=\"content_box\"> <div class=\"title_22 trans\"><a href=\"https:\/\/ror-rks.net\/sq\/volunteer\/trina-hoti\/\" class=\"mt_0 mb_5 trim-3\">Trina Hoti<\/a><\/div>  <div class=\"font_special\">N\u00ebnkryetare<\/div>   <div class=\"social-icons trans\"> <ul>  <li class=\"trans\"><a href=\"https:\/\/www.facebook.com\" class=\"m_icon\"><i class=\"fa fa-facebook\"><\/i><\/a><\/li>   <li class=\"trans\"><a href=\"https:\/\/www.instagram.com\" class=\"m_icon\"><i class=\"fa fa-instagram\"><\/i><\/a><\/li>    <\/ul><\/div>\n <\/div><\/div>\n <\/div>       <div class=\"col-xl-3 col-lg-4 col-md-6 col-sm-6\"> <div class=\"volunteer-style_1 mb_40 no_images\">  <div class=\"content_box\"> <div class=\"title_22 trans\"><a href=\"https:\/\/ror-rks.net\/sq\/volunteer\/ardit-gllogjani\/\" class=\"mt_0 mb_5 trim-3\">Ardit Gllogjani<\/a><\/div>  <div class=\"font_special\">Vullnetar\u00eb<\/div>    <\/div><\/div>\n <\/div>       <div class=\"col-xl-3 col-lg-4 col-md-6 col-sm-6\"> <div class=\"volunteer-style_1 mb_40 no_images\">  <div class=\"content_box\"> <div class=\"title_22 trans\"><a href=\"https:\/\/ror-rks.net\/sq\/volunteer\/valeza-miftari\/\" class=\"mt_0 mb_5 trim-3\">Val\u00ebza Miftari<\/a><\/div>  <div class=\"font_special\">Vullnetar\u00eb<\/div>    <\/div><\/div>\n <\/div>     <\/div>  <\/section>\r\n\t\t\t\t<\/div>\n\t\t\t\t<\/div>\n\t\t\t\t\t<\/div>\n\t\t<\/div>\n\t\t\t\t\t<\/div>\n\t\t<\/section>\n\t\t\t\t<section class=\"elementor-section elementor-top-section elementor-element elementor-element-33ee638 elementor-section-full_width elementor-section-height-default elementor-section-height-default\" data-id=\"33ee638\" data-element_type=\"section\" data-e-type=\"section\" data-settings=\"{&quot;background_background&quot;:&quot;classic&quot;}\">\n\t\t\t\t\t\t<div class=\"elementor-container elementor-column-gap-extended\">\n\t\t\t\t\t<div class=\"elementor-column elementor-col-100 elementor-top-column elementor-element elementor-element-d7cb681\" data-id=\"d7cb681\" data-element_type=\"column\" data-e-type=\"column\">\n\t\t\t<div class=\"elementor-widget-wrap elementor-element-populated\">\n\t\t\t\t\t\t<div class=\"elementor-element elementor-element-9155fae elementor-widget elementor-widget-risehand-client-carousel-v1\" data-id=\"9155fae\" data-element_type=\"widget\" data-e-type=\"widget\" data-widget_type=\"risehand-client-carousel-v1.default\">\n\t\t\t\t<div class=\"elementor-widget-container\">\n\t\t\t\t\t<section class=\"client_logo position-relative\"><div class=\"swiper swiper-container swiper_container\" data-swiper='{\"loop\": true,\"autoplay\": {\"delay\": 5000},\"speed\":  600,\"centeredSlides\": false,\"spaceBetween\": 20,\"navigation\": {\"nextEl\": \".client-next-one\",\"prevEl\": \".client-prev-one\"},\"pagination\": {\"el\": \".client-pagination\",\"clickable\": true,\"type\": \"bullets\"},\"grabCursor\": true,\"breakpoints\": {\"1200\": {\"slidesPerView\": 3},\"1024\": {\"slidesPerView\": 4},\"768\": {\"slidesPerView\": 3},\"576\": {\"slidesPerView\": 2}}}'><div class=\"swiper-wrapper\"><div class=\"swiper-slide\"><a href=\"http:\/\/syriivizionit.org\" class=\"mb_0\"  target=\"&quot;_blank&quot;\"  rel=\"&quot;nofollow&quot;\"><img decoding=\"async\" src=\"http:\/\/ror-rks.net\/wp-content\/uploads\/2024\/04\/image-removebg-preview.png\" class=\"brand_iamge trans img-fluid\" alt=\"\" style='width: 125px!important;' \/><\/a><\/div><div class=\"swiper-slide\"><a href=\"https:\/\/kosovo.savethechildren.net\/\" class=\"mb_0\"  target=\"&quot;_blank&quot;\"  rel=\"&quot;nofollow&quot;\"><img decoding=\"async\" src=\"http:\/\/ror-rks.net\/wp-content\/uploads\/2024\/04\/image-4.png\" class=\"brand_iamge trans img-fluid\" alt=\"\" style='width: 280px!important;' \/><\/a><\/div><div class=\"swiper-slide\"><a href=\"http:\/\/ror-rks.net\/sq\/\" class=\"mb_0\"  target=\"&quot;_blank&quot;\"  rel=\"&quot;nofollow&quot;\"><img decoding=\"async\" src=\"http:\/\/ror-rks.net\/wp-content\/uploads\/2024\/04\/image-2.png\" class=\"brand_iamge trans img-fluid\" alt=\"\" style='width: 110px!important;' \/><\/a><\/div><\/div><\/div><\/section>\n\t\t\t\t<\/div>\n\t\t\t\t<\/div>\n\t\t\t\t\t<\/div>\n\t\t<\/div>\n\t\t\t\t\t<\/div>\n\t\t<\/section>\n\t\t\t\t<\/div>","protected":false},"excerpt":{"rendered":"<p>Meet our Volunteers We Have a Volunteer Team Vlera Dani Volunteer Meet our Previous Volunteers Here are the volunteers that used to be part of ROR Trina Hoti Vice President [&hellip;]<\/p>\n","protected":false},"author":1,"featured_media":0,"parent":0,"menu_order":0,"comment_status":"closed","ping_status":"closed","template":"template-fullwidth.php","meta":{"give_campaign_id":0,"_themeisle_gutenberg_block_has_review":false,"footnotes":""},"class_list":["post-2969","page","type-page","status-publish","hentry"],"campaignId":"","_links":{"self":[{"href":"https:\/\/ror-rks.net\/sq\/wp-json\/wp\/v2\/pages\/2969","targetHints":{"allow":["GET"]}}],"collection":[{"href":"https:\/\/ror-rks.net\/sq\/wp-json\/wp\/v2\/pages"}],"about":[{"href":"https:\/\/ror-rks.net\/sq\/wp-json\/wp\/v2\/types\/page"}],"author":[{"embeddable":true,"href":"https:\/\/ror-rks.net\/sq\/wp-json\/wp\/v2\/users\/1"}],"replies":[{"embeddable":true,"href":"https:\/\/ror-rks.net\/sq\/wp-json\/wp\/v2\/comments?post=2969"}],"version-history":[{"count":43,"href":"https:\/\/ror-rks.net\/sq\/wp-json\/wp\/v2\/pages\/2969\/revisions"}],"predecessor-version":[{"id":8106,"href":"https:\/\/ror-rks.net\/sq\/wp-json\/wp\/v2\/pages\/2969\/revisions\/8106"}],"wp:attachment":[{"href":"https:\/\/ror-rks.net\/sq\/wp-json\/wp\/v2\/media?parent=2969"}],"curies":[{"name":"wp","href":"https:\/\/api.w.org\/{rel}","templated":true}]}}