{"id":3031,"date":"2024-01-19T07:20:11","date_gmt":"2024-01-19T07:20:11","guid":{"rendered":"https:\/\/themepanthers.com\/wp\/risehand\/el\/?page_id=3031"},"modified":"2024-04-12T13:49:32","modified_gmt":"2024-04-12T13:49:32","slug":"portfolio-grid-1","status":"publish","type":"page","link":"http:\/\/ror-rks.net\/sq\/portfolio-grid-1\/","title":{"rendered":"Portfolio Grid 1"},"content":{"rendered":"<div data-elementor-type=\"wp-page\" data-elementor-id=\"3031\" class=\"elementor elementor-3031\" data-elementor-post-type=\"page\">\n\t\t\t\t\t\t<section class=\"elementor-section elementor-top-section elementor-element elementor-element-48b82b5 elementor-section-boxed elementor-section-height-default elementor-section-height-default\" data-id=\"48b82b5\" data-element_type=\"section\" data-e-type=\"section\">\n\t\t\t\t\t\t<div class=\"elementor-container elementor-column-gap-default\">\n\t\t\t\t\t<div class=\"elementor-column elementor-col-100 elementor-top-column elementor-element elementor-element-ccf88f3\" data-id=\"ccf88f3\" data-element_type=\"column\" data-e-type=\"column\">\n\t\t\t<div class=\"elementor-widget-wrap elementor-element-populated\">\n\t\t\t\t\t\t<div class=\"elementor-element elementor-element-01525b0 elementor-widget elementor-widget-risehand-portfolio-post-v1\" data-id=\"01525b0\" data-element_type=\"widget\" data-e-type=\"widget\" data-widget_type=\"risehand-portfolio-post-v1.default\">\n\t\t\t\t<div class=\"elementor-widget-container\">\n\t\t\t\t\t \r\n<section class=\"portfolio_post_section\">\r\n            <div class=\"grid_masnory_box\">\r\n            <div class=\"row\">\r\n                                                                                                                                                <div class=\"project-wrapper grid-item mb_40 col-xl-3 col-lg-4 col-md-6 col-sm-6\">\r\n                                <div class=\"portfolio-style_1 has_images\">  <div class=\"image-box trans img_obj_fit_center\"> <a href=\"http:\/\/ror-rks.net\/sq\/portfolio\/friends-for-lifetime\/\" class=\"img_link trans\"> <img fetchpriority=\"high\" decoding=\"async\" width=\"2048\" height=\"1365\" src=\"http:\/\/ror-rks.net\/wp-content\/uploads\/2024\/04\/foto5.jpg\" class=\"attachment-risehand-image-500-500 trans size-risehand-image-500-500 trans wp-post-image\" alt=\"\"   \/> <\/a> <\/div>  <div class=\"content_box_outer\"> <div class=\"content_box_in trans\"> <div class=\"title_22 trans\"><a href=\"http:\/\/ror-rks.net\/sq\/portfolio\/friends-for-lifetime\/\" class=\"mb_5 trim-3\">Trajnimet me ROR<\/a><\/div>         <p class=\"mb_0\">\n            <a href=\"http:\/\/ror-rks.net\/sq\/portfolio_category\/activities\/\">Aktivitete<\/a>        <\/p>\n         <\/div> <\/div> <\/div>\n                            <\/div>\r\n                                                                                                                                                                            <div class=\"project-wrapper grid-item mb_40 col-xl-3 col-lg-4 col-md-6 col-sm-6\">\r\n                                <div class=\"portfolio-style_1 has_images\">  <div class=\"image-box trans img_obj_fit_center\"> <a href=\"http:\/\/ror-rks.net\/sq\/portfolio\/education-for-all\/\" class=\"img_link trans\"> <img decoding=\"async\" width=\"900\" height=\"900\" src=\"http:\/\/ror-rks.net\/wp-content\/uploads\/2023\/12\/Gallery.png\" class=\"attachment-risehand-image-500-500 trans size-risehand-image-500-500 trans wp-post-image\" alt=\"\"   \/> <\/a> <\/div>  <div class=\"content_box_outer\"> <div class=\"content_box_in trans\"> <div class=\"title_22 trans\"><a href=\"http:\/\/ror-rks.net\/sq\/portfolio\/education-for-all\/\" class=\"mb_5 trim-3\">Edukimi p\u00ebr t\u00eb t\u00ebr\u00eb<\/a><\/div>         <p class=\"mb_0\">\n            <a href=\"http:\/\/ror-rks.net\/sq\/portfolio_category\/education\/\">Edukimi<\/a>        <\/p>\n         <\/div> <\/div> <\/div>\n                            <\/div>\r\n                                                                                                                                                                            <div class=\"project-wrapper grid-item mb_40 col-xl-3 col-lg-4 col-md-6 col-sm-6\">\r\n                                <div class=\"portfolio-style_1 has_images\">  <div class=\"image-box trans img_obj_fit_center\"> <a href=\"http:\/\/ror-rks.net\/sq\/portfolio\/food-for-all\/\" class=\"img_link trans\"> <img decoding=\"async\" width=\"1440\" height=\"960\" src=\"http:\/\/ror-rks.net\/wp-content\/uploads\/2024\/04\/ROR-grupi.jpg\" class=\"attachment-risehand-image-500-500 trans size-risehand-image-500-500 trans wp-post-image\" alt=\"\"   \/> <\/a> <\/div>  <div class=\"content_box_outer\"> <div class=\"content_box_in trans\"> <div class=\"title_22 trans\"><a href=\"http:\/\/ror-rks.net\/sq\/portfolio\/food-for-all\/\" class=\"mb_5 trim-3\">Mbledhje me ROR<\/a><\/div>         <p class=\"mb_0\">\n            <a href=\"http:\/\/ror-rks.net\/sq\/portfolio_category\/meetings\/\">Takime<\/a>        <\/p>\n         <\/div> <\/div> <\/div>\n                            <\/div>\r\n                                                                                        <\/div>\r\n        <\/div>\r\n        \r\n                    <div class=\"row\">\r\n                <div class=\"col-lg-12\">\r\n                    <div class=\"pagination\">\r\n                                            <\/div>\r\n                <\/div>\r\n            <\/div>\r\n                \r\n    <\/section>\r\n\r\n\t\t\t\t<\/div>\n\t\t\t\t<\/div>\n\t\t\t\t\t<\/div>\n\t\t<\/div>\n\t\t\t\t\t<\/div>\n\t\t<\/section>\n\t\t\t\t<\/div>","protected":false},"excerpt":{"rendered":"<p>Beautyful Pet Dogs Pets Care Love &#038; Care Pet\u2019s Pets Care Nature\u2019s Fury Clean Water Friends for Lifetime Education Education for All Education Building Trust Save Soil Food for All [&hellip;]<\/p>\n","protected":false},"author":1,"featured_media":0,"parent":0,"menu_order":0,"comment_status":"closed","ping_status":"closed","template":"template-fullwidth.php","meta":{"give_campaign_id":0,"_themeisle_gutenberg_block_has_review":false,"footnotes":""},"class_list":["post-3031","page","type-page","status-publish","hentry"],"campaignId":"","_links":{"self":[{"href":"http:\/\/ror-rks.net\/sq\/wp-json\/wp\/v2\/pages\/3031","targetHints":{"allow":["GET"]}}],"collection":[{"href":"http:\/\/ror-rks.net\/sq\/wp-json\/wp\/v2\/pages"}],"about":[{"href":"http:\/\/ror-rks.net\/sq\/wp-json\/wp\/v2\/types\/page"}],"author":[{"embeddable":true,"href":"http:\/\/ror-rks.net\/sq\/wp-json\/wp\/v2\/users\/1"}],"replies":[{"embeddable":true,"href":"http:\/\/ror-rks.net\/sq\/wp-json\/wp\/v2\/comments?post=3031"}],"version-history":[{"count":1,"href":"http:\/\/ror-rks.net\/sq\/wp-json\/wp\/v2\/pages\/3031\/revisions"}],"predecessor-version":[{"id":5873,"href":"http:\/\/ror-rks.net\/sq\/wp-json\/wp\/v2\/pages\/3031\/revisions\/5873"}],"wp:attachment":[{"href":"http:\/\/ror-rks.net\/sq\/wp-json\/wp\/v2\/media?parent=3031"}],"curies":[{"name":"wp","href":"https:\/\/api.w.org\/{rel}","templated":true}]}}